{"id":4426,"date":"2015-04-02T13:24:10","date_gmt":"2015-04-02T13:24:10","guid":{"rendered":"http:\/\/aqua.wpbestsolution.net\/?page_id=4426"},"modified":"2026-01-07T17:33:30","modified_gmt":"2026-01-07T16:33:30","slug":"prestations","status":"publish","type":"page","link":"https:\/\/elisa-willet.com\/index.php\/prestations\/","title":{"rendered":"Prestations"},"content":{"rendered":"<p>[vc_row css=&#8221;.vc_custom_1431272068014{padding-top: 35px !important;padding-bottom: 80px !important;}&#8221; scroll_button=&#8221;scroll_button_hide&#8221;][vc_column]\t\t\t<h3 class=\"headline   \" >\r\n\t\t\t\tMes prestations de massages et r\u00e9flexologie\t\t\t<\/h3>\r\n\t\t<div class=\"feature-box image deviation2 left  \">\r\n\t<div class=\"image-bg clearfix\" style=\"background-image: url('https:\/\/elisa-willet.com\/wp-content\/uploads\/2021\/09\/palper-rouler.jpg');\">\r\n\t\t<div class=\"row\">\r\n\t\t\t<div class=\"deviation-feature-box col-md-8\">\t\t\r\n\t\t\t\t<div class=\"deviation-content-info text-center\">\r\n\t\t\t\t\t<h3 class='feature-box-title blog-title'><a href=''>Palper Rouler - Massages Amincissants<\/a><\/h3><\/p>\n<div class=\"feature-box-desc\" style=\"background-color: rgba(231, 230, 225, 0.7);\">\n<div class=\"tb-menu-text-item \">\n<div class=\"menu-item-inner\">\n<p>Le palper-rouler est un massage amincissant permettant de favoriser l\u2019\u00e9limination de la cellulite, d\u2019affiner la silhouette et d\u2019am\u00e9liorer la circulation.<\/p>\n<p style=\"text-align: center;\"><a href=\"https:\/\/elisa-willet.com\/index.php\/prestations\/palper-rouler-massages-amincissants\/\">+ d&#8217;infos<\/a><\/p>\n<p style=\"text-align: center;\"><a href=\"https:\/\/widget.treatwell.fr\/salon\/elisa-willet-chez-tchilo-body-lab\/\" target=\"_blank\" rel=\"noopener\">=&gt; r\u00e9servation<\/a><\/p>\n<p style=\"text-align: center;\">&#8212;&#8212;&#8212;&#8212;-Tarifs&#8212;&#8212;&#8212;&#8212;-<\/p>\n<p><span style=\"text-decoration: underline;\">D\u00e9couverte (20 mins)<\/span> \u2013 35\u20ac<\/p>\n<p><span style=\"text-decoration: underline;\">S\u00e9ance de 40 min Cuisses ou Ventre<\/span><br \/>\n1 S\u00e9ance \u2013 92\u20ac<br \/>\n5 S\u00e9ances \u2013 423\u20ac<br \/>\n10 S\u00e9ances \u2013 745\u20ac<\/p>\n<p><span style=\"text-decoration: underline;\">S\u00e9ance de 60 min Cuisses \/ Ventre \/ Fesses \/ Hanches<\/span><br \/>\n1 S\u00e9ance \u2013 115\u20ac<br \/>\n5 S\u00e9ances \u2013 533\u20ac<br \/>\n10 S\u00e9ances \u2013 950\u20ac<\/p>\n<\/div>\n<\/div>\n<\/div>\n<p>\t\t\t\t<\/div>\r\n\t\t\t<\/div>\r\n\t\t<\/div>\r\n\t<\/div>\r\n<\/div>[vc_empty_space height=&#8221;70px&#8221;][vc_btn title=&#8221;RESERVEZ EN LIGNE&#8221; color=&#8221;pink&#8221; size=&#8221;lg&#8221; align=&#8221;center&#8221; link=&#8221;url:https%3A%2F%2Fwidget.treatwell.fr%2Fsalon%2Felisa-willet-chez-tchilo-body-lab%2F|title:Reservation|target:%20_blank|&#8221;]<div class=\"feature-box image deviation2 right  \">\r\n\t<div class=\"image-bg clearfix\" style=\"background-image: url('https:\/\/elisa-willet.com\/wp-content\/uploads\/2024\/08\/PHOTO-2024-08-27-23-17-47.jpg');\">\r\n\t\t<div class=\"row\">\r\n\t\t\t<div class=\"deviation-feature-box col-md-8 col-md-offset-4\">\t\t\r\n\t\t\t\t<div class=\"deviation-content-info text-center\">\r\n\t\t\t\t\t<h3 class='feature-box-title blog-title'><a href=''>Mes tarifs de Drainage lymphatique m\u00e9thode Vodder - Massages Amincissants<\/a><\/h3><\/p>\n<div class=\"feature-box-desc\" style=\"background-color: rgba(231, 230, 225, 0.7);\">\n<div class=\"tb-menu-text-item \">\n<div class=\"menu-item-inner\">\n<p>Le drainage lymphatique selon la m\u00e9thode Vodder est une technique douce visant \u00e0 am\u00e9liorer la circulation de la lymphe et \u00e0 renforcer le syst\u00e8me immunitaire. D\u00e9velopp\u00e9e par le Dr Emil Vodder, cette m\u00e9thode utilise des mouvements lents et pr\u00e9cis pour r\u00e9duire les \u0153d\u00e8mes, favoriser la d\u00e9toxification, et apporter une relaxation profonde.<\/p>\n<p>&nbsp;<\/p>\n<p style=\"text-align: center;\"><a href=\"https:\/\/elisa-willet.com\/index.php\/prestations\/drainage-lymphatique-methode-vodder-massages-amincissants\/\">+ d&#8217;infos<\/a><\/p>\n<p style=\"text-align: center;\"><a href=\"https:\/\/widget.treatwell.fr\/salon\/elisa-willet-chez-tchilo-body-lab\/\" target=\"_blank\" rel=\"noopener\">=&gt; r\u00e9servation<\/a><\/p>\n<p style=\"text-align: center;\">&#8212;&#8212;&#8212;&#8212;-Tarifs&#8212;&#8212;&#8212;&#8212;-<\/p>\n<p><span style=\"text-decoration: underline;\">S\u00e9ance de 45 min :<\/span><br \/>\n1 S\u00e9ance \u2013 105\u20ac<br \/>\n5 S\u00e9ances \u2013 484\u20ac<br \/>\n10 S\u00e9ances \u2013 905\u20ac<\/p>\n<\/div>\n<\/div>\n<\/div>\n<p>\t\t\t\t<\/div>\r\n\t\t\t<\/div>\r\n\t\t<\/div>\r\n\t<\/div>\r\n<\/div>[vc_empty_space height=&#8221;70px&#8221;][vc_btn title=&#8221;RESERVEZ EN LIGNE&#8221; color=&#8221;pink&#8221; size=&#8221;lg&#8221; align=&#8221;center&#8221; link=&#8221;url:https%3A%2F%2Fwidget.treatwell.fr%2Fsalon%2Felisa-willet-chez-tchilo-body-lab%2F|title:Reservation|target:%20_blank|&#8221;]<div class=\"feature-box image deviation2 left  \">\r\n\t<div class=\"image-bg clearfix\" style=\"background-image: url('https:\/\/elisa-willet.com\/wp-content\/uploads\/2021\/09\/kobido.jpg');\">\r\n\t\t<div class=\"row\">\r\n\t\t\t<div class=\"deviation-feature-box col-md-8\">\t\t\r\n\t\t\t\t<div class=\"deviation-content-info text-center\">\r\n\t\t\t\t\t<h3 class='feature-box-title blog-title'><a href=''>Soin du visage - Kobido<\/a><\/h3><\/p>\n<div class=\"feature-box-desc\" style=\"background-color: rgba(198, 217, 198, 0.7);\">\n<div class=\"tb-menu-text-item \">\n<div>\n<div>\n<p>Le Kobido est une technique japonaise permettant de rajeunir le visage gr\u00e2ce \u00e0 un massage. Le Kobido travaille sur l\u2019\u00e9quilibre du \u00ab chi \u00bb, l\u2019\u00e9nergie vitale pour stimuler la microcirculation cutan\u00e9e et le flux lymphatique afin de rajeunir votre visage.<\/p>\n<\/div>\n<\/div>\n<p style=\"text-align: center;\"><a href=\"https:\/\/elisa-willet.com\/index.php\/prestations\/soin-du-visage-kobido\/\">+ d&#8217;infos<\/a><\/p>\n<p style=\"text-align: center;\"><a href=\"https:\/\/widget.treatwell.fr\/salon\/elisa-willet-chez-tchilo-body-lab\/\" target=\"_blank\" rel=\"noopener\">=&gt; r\u00e9servation<\/a><\/p>\n<p style=\"text-align: center;\">&#8212;&#8212;&#8212;&#8212;-Tarifs&#8212;&#8212;&#8212;&#8212;-<\/p>\n<\/div>\n<div><\/div>\n<div class=\"tb-menu-text-item \">\n<div><span style=\"text-decoration: underline;\">Kobido 40 min<\/span><\/div>\n<div class=\"menu-item-inner\">1 S\u00e9ance \u2013 75\u20ac<br \/>\n5 S\u00e9ances \u2013 313\u20ac<br \/>\n10 S\u00e9ances \u2013 556\u20ac<\/div>\n<\/div>\n<\/div>\n<p>\t\t\t\t<\/div>\r\n\t\t\t<\/div>\r\n\t\t<\/div>\r\n\t<\/div>\r\n<\/div>[vc_empty_space height=&#8221;70px&#8221;][vc_btn title=&#8221;RESERVEZ EN LIGNE&#8221; color=&#8221;pink&#8221; size=&#8221;lg&#8221; align=&#8221;center&#8221; link=&#8221;url:https%3A%2F%2Fwidget.treatwell.fr%2Fsalon%2Felisa-willet-chez-tchilo-body-lab%2F|title:Reservation|target:%20_blank|&#8221;]<div class=\"feature-box image deviation2 right  \">\r\n\t<div class=\"image-bg clearfix\" style=\"background-image: url('https:\/\/elisa-willet.com\/wp-content\/uploads\/2021\/09\/massage-dos.jpg');\">\r\n\t\t<div class=\"row\">\r\n\t\t\t<div class=\"deviation-feature-box col-md-8 col-md-offset-4\">\t\t\r\n\t\t\t\t<div class=\"deviation-content-info text-center\">\r\n\t\t\t\t\t<h3 class='feature-box-title blog-title'><a href=''>Massages relaxants &amp; femmes enceintes<\/a><\/h3><\/p>\n<div class=\"feature-box-desc\" style=\"background-color: rgba(231, 230, 225, 0.7);\">\n<div>\n<div>\n<p>Profitez d&#8217;un moment de d\u00e9tente pour oublier les tracas de la vie quotidienne. Elisa Willet vous propose des massages relaxants, de la t\u00eate aux pieds avec de nombreuses techniques, du massage tha\u00ef au californien. Reposez vous et d\u00e9tendez vous l&#8217;espace d&#8217;un instant. Elisa propose \u00e9galement un massage du corps pr\u00e9-natal pour Femme enceinte.<\/p>\n<p style=\"text-align: center;\"><a href=\"https:\/\/elisa-willet.com\/index.php\/prestations\/massages-relaxants\/\">+ d&#8217;infos<\/a><\/p>\n<p style=\"text-align: center;\"><a href=\"https:\/\/elisa-willet.com\/index.php\/reservation\/\" target=\"_blank\" rel=\"noopener\">=&gt; r\u00e9servation<\/a><\/p>\n<\/div>\n<\/div>\n<div><\/div>\n<div style=\"text-align: center;\">&#8212;&#8212;&#8212;&#8212;-Tarifs&#8212;&#8212;&#8212;&#8212;-<\/div>\n<div><\/div>\n<div class=\"tb-menu-text-item \">\n<div class=\"menu-item-inner\"><span style=\"text-decoration: underline;\">Massage relaxant corps (60 min)<\/span> \u2013 110\u20ac<br \/>\n<span style=\"text-decoration: underline;\">Cuir chevelu et visage (30 min)<\/span> \u2013 58\u20ac<br \/>\n<span style=\"text-decoration: underline;\">Dos (30 min)<\/span> \u2013 69\u20ac<\/div>\n<div>\n<div class=\"ServiceDetails-module--name--971208\"><span style=\"text-decoration: underline;\">Massage du corps pr\u00e9-natal \/ Femme enceinte (60 min)<\/span>\u2013 115\u20ac<\/div>\n<\/div>\n<\/div>\n<\/div>\n<p>\t\t\t\t<\/div>\r\n\t\t\t<\/div>\r\n\t\t<\/div>\r\n\t<\/div>\r\n<\/div>[vc_empty_space][vc_btn title=&#8221;RESERVEZ EN LIGNE&#8221; color=&#8221;pink&#8221; size=&#8221;lg&#8221; align=&#8221;center&#8221; link=&#8221;url:https%3A%2F%2Fwidget.treatwell.fr%2Fsalon%2Felisa-willet-chez-tchilo-body-lab%2F|title:Reservation|target:%20_blank|&#8221;]<div class=\"feature-box image deviation2 left  \">\r\n\t<div class=\"image-bg clearfix\" style=\"background-image: url('https:\/\/elisa-willet.com\/wp-content\/uploads\/2022\/01\/Reflexologie-plantaire.jpg');\">\r\n\t\t<div class=\"row\">\r\n\t\t\t<div class=\"deviation-feature-box col-md-8\">\t\t\r\n\t\t\t\t<div class=\"deviation-content-info text-center\">\r\n\t\t\t\t\t<h3 class='feature-box-title blog-title'><a href=''>R\u00e9flexologie plantaire<\/a><\/h3><\/p>\n<div class=\"feature-box-desc\" style=\"background-color: rgba(231, 230, 225, 0.7);\">\n<p>La r\u00e9flexologie plantaire est une m\u00e9decine parall\u00e8le qui propose de traiter certaines pathologies, ou simplement des tensions, \u00e0 partir de massages des pieds.<\/p>\n<p style=\"text-align: center;\"><a href=\"https:\/\/elisa-willet.com\/index.php\/prestations\/reflexologie-plantaire\/\">+ d&#8217;infos<\/a><\/p>\n<div class=\"tb-menu-text-item \">\n<div class=\"menu-item-inner\">\n<p style=\"text-align: center;\"><a href=\"https:\/\/elisa-willet.com\/index.php\/reservation\/\" target=\"_blank\" rel=\"noopener\">=&gt; r\u00e9servation<\/a><\/p>\n<p style=\"text-align: center;\">&#8212;&#8212;&#8212;&#8212;-Tarifs&#8212;&#8212;&#8212;&#8212;-<\/p>\n<p><span style=\"text-decoration: underline;\">R\u00e9flexologie plantaire (60min)<\/span> \u2013 95\u20ac<\/p>\n<\/div>\n<\/div>\n<\/div>\n<p>\t\t\t\t<\/div>\r\n\t\t\t<\/div>\r\n\t\t<\/div>\r\n\t<\/div>\r\n<\/div>[vc_empty_space][vc_btn title=&#8221;RESERVEZ EN LIGNE&#8221; color=&#8221;pink&#8221; size=&#8221;lg&#8221; align=&#8221;center&#8221; link=&#8221;url:https%3A%2F%2Fwidget.treatwell.fr%2Fsalon%2Felisa-willet-chez-tchilo-body-lab%2F|title:Reservation|target:%20_blank|&#8221;]<div class=\"feature-box image deviation2 right  \">\r\n\t<div class=\"image-bg clearfix\" style=\"background-image: url('https:\/\/elisa-willet.com\/wp-content\/uploads\/2024\/09\/WhatsApp-Image-2024-09-12-at-08.50.57-e1726132719377.jpeg');\">\r\n\t\t<div class=\"row\">\r\n\t\t\t<div class=\"deviation-feature-box col-md-8 col-md-offset-4\">\t\t\r\n\t\t\t\t<div class=\"deviation-content-info text-center\">\r\n\t\t\t\t\t<h3 class='feature-box-title blog-title'><a href=''>La naturopathie<\/a><\/h3><\/p>\n<div class=\"feature-box-desc\" style=\"background-color: rgba(231, 230, 225, 0.7);\">\n<div>\n<p>Une s\u00e9ance de naturopathie est personnalis\u00e9e, holistique, et vise \u00e0 autonomiser le patient dans la gestion de sa sant\u00e9 \u00e0 long terme.<\/p>\n<p style=\"text-align: center;\"><a href=\"https:\/\/elisa-willet.com\/index.php\/prestations\/naturopathie\/\">+ d&#8217;infos<\/a><\/p>\n<p style=\"text-align: center;\"><a href=\"https:\/\/elisa-willet.com\/index.php\/reservation\/\" target=\"_blank\" rel=\"noopener\">=&gt; r\u00e9servation<\/a><\/p>\n<\/div>\n<div><\/div>\n<div style=\"text-align: center;\">&#8212;&#8212;&#8212;&#8212;-Tarifs&#8212;&#8212;&#8212;&#8212;-<\/div>\n<div><\/div>\n<div class=\"tb-menu-text-item \">\n<div class=\"menu-item-inner\">\n<p><span style=\"text-decoration: underline;\">Consultation de naturopathie bilan complet<\/span><br \/>\n1 S\u00e9ance de 60 min \u2013 105\u20ac<\/p>\n<p><span style=\"text-decoration: underline;\">Consultation de suivie en naturopathie<\/span><br \/>\n1 S\u00e9ance de 40 min \u2013 85\u20ac<br \/>\n3 S\u00e9ances de suivie 40 min \u2013 220\u20ac<\/p>\n<\/div>\n<\/div>\n<\/div>\n<p>\t\t\t\t<\/div>\r\n\t\t\t<\/div>\r\n\t\t<\/div>\r\n\t<\/div>\r\n<\/div>[vc_empty_space][vc_btn title=&#8221;RESERVEZ EN LIGNE&#8221; color=&#8221;pink&#8221; size=&#8221;lg&#8221; align=&#8221;center&#8221; link=&#8221;url:https%3A%2F%2Fwidget.treatwell.fr%2Fsalon%2Felisa-willet-chez-tchilo-body-lab%2F|title:Reservation|target:%20_blank|&#8221;]<div class=\"feature-box image deviation2 left  \">\r\n\t<div class=\"image-bg clearfix\" style=\"background-image: url('https:\/\/elisa-willet.com\/wp-content\/uploads\/2021\/09\/palper-rouler.jpg');\">\r\n\t\t<div class=\"row\">\r\n\t\t\t<div class=\"deviation-feature-box col-md-8\">\t\t\r\n\t\t\t\t<div class=\"deviation-content-info text-center\">\r\n\t\t\t\t\t<h3 class='feature-box-title blog-title'><a href=''>Forfaits D\u00e9tox<\/a><\/h3><\/p>\n<div class=\"feature-box-desc\" style=\"background-color: rgba(231, 230, 225, 0.7);\">\n<div class=\"tb-menu-text-item \">\n<div class=\"menu-item-inner\">\n<p>Un accompagnement complet comprenant :<br \/>\n\u2728 Naturopathie<br \/>\n\u2728 Drainage<br \/>\n\u2728 Kobido<\/p>\n<p><strong>Tarif : 200 \u20ac<\/strong><\/p>\n<\/div>\n<\/div>\n<\/div>\n<p>\t\t\t\t<\/div>\r\n\t\t\t<\/div>\r\n\t\t<\/div>\r\n\t<\/div>\r\n<\/div>[vc_empty_space][vc_btn title=&#8221;RESERVEZ EN LIGNE&#8221; color=&#8221;pink&#8221; size=&#8221;lg&#8221; align=&#8221;center&#8221; link=&#8221;url:https%3A%2F%2Fwidget.treatwell.fr%2Fsalon%2Felisa-willet-chez-tchilo-body-lab%2F|title:Reservation|target:%20_blank|&#8221;][\/vc_column][\/vc_row][vc_row][vc_column]\t\t\t<h3 class=\"headline   \" >\r\n\t\t\t\tRESERVATION\t\t\t<\/h3>\r\n\t\t[vc_column_text]<\/p>\n<p style=\"text-align: center;\">N&#8217;h\u00e9sitez pas \u00e0 r\u00e9server directement en ligne via le bouton ci-dessous.<\/p>\n<p style=\"text-align: center;\">Merci et \u00e0 tr\u00e8s vite !<\/p>\n<p>[\/vc_column_text][vc_btn title=&#8221;RESERVEZ EN LIGNE&#8221; color=&#8221;pink&#8221; size=&#8221;lg&#8221; align=&#8221;center&#8221; link=&#8221;url:https%3A%2F%2Fwidget.treatwell.fr%2Fsalon%2Felisa-willet-chez-tchilo-body-lab%2F|title:Reservation|target:%20_blank|&#8221;][vc_column_text]Horaires : Du lundi au samedi de 9h00 \u00e0 19h00[\/vc_column_text][\/vc_column][\/vc_row]<\/p>\n","protected":false},"excerpt":{"rendered":"<p>[vc_row css=&#8221;.vc_custom_1431272068014{padding-top: 35px !important;padding-bottom: 80px !important;}&#8221; scroll_button=&#8221;scroll_button_hide&#8221;][vc_column][vc_empty_space height=&#8221;70px&#8221;][vc_btn title=&#8221;RESERVEZ EN LIGNE&#8221; color=&#8221;pink&#8221; size=&#8221;lg&#8221; align=&#8221;center&#8221; link=&#8221;url:https%3A%2F%2Fwidget.treatwell.fr%2Fsalon%2Felisa-willet-chez-tchilo-body-lab%2F|title:Reservation|target:%20_blank|&#8221;][vc_empty_space height=&#8221;70px&#8221;][vc_btn title=&#8221;RESERVEZ EN LIGNE&#8221; color=&#8221;pink&#8221; size=&#8221;lg&#8221; align=&#8221;center&#8221; link=&#8221;url:https%3A%2F%2Fwidget.treatwell.fr%2Fsalon%2Felisa-willet-chez-tchilo-body-lab%2F|title:Reservation|target:%20_blank|&#8221;][vc_empty_space height=&#8221;70px&#8221;][vc_btn title=&#8221;RESERVEZ EN LIGNE&#8221; color=&#8221;pink&#8221; size=&#8221;lg&#8221; align=&#8221;center&#8221; link=&#8221;url:https%3A%2F%2Fwidget.treatwell.fr%2Fsalon%2Felisa-willet-chez-tchilo-body-lab%2F|title:Reservation|target:%20_blank|&#8221;][vc_empty_space][vc_btn title=&#8221;RESERVEZ EN LIGNE&#8221; color=&#8221;pink&#8221; size=&#8221;lg&#8221; align=&#8221;center&#8221; link=&#8221;url:https%3A%2F%2Fwidget.treatwell.fr%2Fsalon%2Felisa-willet-chez-tchilo-body-lab%2F|title:Reservation|target:%20_blank|&#8221;][vc_empty_space][vc_btn title=&#8221;RESERVEZ EN LIGNE&#8221; color=&#8221;pink&#8221; size=&#8221;lg&#8221; align=&#8221;center&#8221; link=&#8221;url:https%3A%2F%2Fwidget.treatwell.fr%2Fsalon%2Felisa-willet-chez-tchilo-body-lab%2F|title:Reservation|target:%20_blank|&#8221;][vc_empty_space][vc_btn title=&#8221;RESERVEZ EN LIGNE&#8221; color=&#8221;pink&#8221; size=&#8221;lg&#8221; align=&#8221;center&#8221; link=&#8221;url:https%3A%2F%2Fwidget.treatwell.fr%2Fsalon%2Felisa-willet-chez-tchilo-body-lab%2F|title:Reservation|target:%20_blank|&#8221;][vc_empty_space][vc_btn title=&#8221;RESERVEZ EN LIGNE&#8221; [&hellip;]<\/p>\n","protected":false},"author":1,"featured_media":0,"parent":0,"menu_order":0,"comment_status":"open","ping_status":"open","template":"page-NoTitleBar.php","meta":[],"_links":{"self":[{"href":"https:\/\/elisa-willet.com\/index.php\/wp-json\/wp\/v2\/pages\/4426"}],"collection":[{"href":"https:\/\/elisa-willet.com\/index.php\/wp-json\/wp\/v2\/pages"}],"about":[{"href":"https:\/\/elisa-willet.com\/index.php\/wp-json\/wp\/v2\/types\/page"}],"author":[{"embeddable":true,"href":"https:\/\/elisa-willet.com\/index.php\/wp-json\/wp\/v2\/users\/1"}],"replies":[{"embeddable":true,"href":"https:\/\/elisa-willet.com\/index.php\/wp-json\/wp\/v2\/comments?post=4426"}],"version-history":[{"count":56,"href":"https:\/\/elisa-willet.com\/index.php\/wp-json\/wp\/v2\/pages\/4426\/revisions"}],"predecessor-version":[{"id":6640,"href":"https:\/\/elisa-willet.com\/index.php\/wp-json\/wp\/v2\/pages\/4426\/revisions\/6640"}],"wp:attachment":[{"href":"https:\/\/elisa-willet.com\/index.php\/wp-json\/wp\/v2\/media?parent=4426"}],"curies":[{"name":"wp","href":"https:\/\/api.w.org\/{rel}","templated":true}]}}