{"id":4429,"date":"2015-04-02T13:24:33","date_gmt":"2015-04-02T13:24:33","guid":{"rendered":"http:\/\/aqua.wpbestsolution.net\/?page_id=4429"},"modified":"2022-10-20T13:30:34","modified_gmt":"2022-10-20T11:30:34","slug":"lecentre","status":"publish","type":"page","link":"https:\/\/elisa-willet.com\/index.php\/lecentre\/","title":{"rendered":"Le Centre"},"content":{"rendered":"<p>[vc_row css=&#8221;.vc_custom_1432973044528{padding-top: 70px !important;padding-bottom: 35px !important;}&#8221; scroll_button=&#8221;scroll_button_hide&#8221;][vc_column el_class=&#8221;tb-padding-content&#8221;]\t\t\t<h3 class=\"headline text-center underline  \" >\r\n\t\t\t\tVISITEZ LE CENTRE\t\t\t<\/h3>\r\n\t\t[vc_column_text]<\/p>\n<p style=\"text-align: center;\">Install\u00e9e en plein coeur du Marais dans un lieu chaleureux et accueillant, Elisa Willet vous propose une s\u00e9rie de prestation de massages.<\/p>\n<p>[\/vc_column_text][vc_empty_space height=&#8221;12px&#8221;][vc_gallery interval=&#8221;5&#8243; images=&#8221;6071,6072,6078,6082,6077,6076,6075,6069&#8243; img_size=&#8221;medium&#8221;][\/vc_column][\/vc_row][vc_row][vc_column][vc_separator]\t\t\t<h3 class=\"headline   \" >\r\n\t\t\t\tRESERVATION\t\t\t<\/h3>\r\n\t\t[vc_column_text]<\/p>\n<p style=\"text-align: center;\">N&#8217;h\u00e9sitez pas \u00e0 r\u00e9server directement en ligne via le bouton ci-dessous.<\/p>\n<p style=\"text-align: center;\">Merci et \u00e0 tr\u00e8s vite !<\/p>\n<p>[\/vc_column_text][vc_btn title=&#8221;RESERVEZ EN LIGNE&#8221; color=&#8221;pink&#8221; align=&#8221;center&#8221; link=&#8221;url:https%3A%2F%2Fwidget.treatwell.fr%2Fsalon%2Felisa-willet-chez-tchilo-body-lab%2F|title:Reservation|target:%20_blank|&#8221;][vc_column_text]<\/p>\n<p style=\"text-align: center;\">Horaires d&#8217;ouvertures : du lundi au samedi de 9h \u00e0 19h<\/p>\n<p>[\/vc_column_text][vc_separator][\/vc_column][\/vc_row]<\/p>\n","protected":false},"excerpt":{"rendered":"<p>[vc_row css=&#8221;.vc_custom_1432973044528{padding-top: 70px !important;padding-bottom: 35px !important;}&#8221; scroll_button=&#8221;scroll_button_hide&#8221;][vc_column el_class=&#8221;tb-padding-content&#8221;][vc_column_text] Install\u00e9e en plein coeur du Marais dans un lieu chaleureux et accueillant, Elisa Willet vous propose une s\u00e9rie de prestation de massages. [\/vc_column_text][vc_empty_space height=&#8221;12px&#8221;][vc_gallery interval=&#8221;5&#8243; images=&#8221;6071,6072,6078,6082,6077,6076,6075,6069&#8243; img_size=&#8221;medium&#8221;][\/vc_column][\/vc_row][vc_row][vc_column][vc_separator][vc_column_text] N&#8217;h\u00e9sitez pas \u00e0 r\u00e9server directement en ligne via le bouton ci-dessous. Merci et \u00e0 tr\u00e8s vite ! [\/vc_column_text][vc_btn title=&#8221;RESERVEZ EN [&hellip;]<\/p>\n","protected":false},"author":1,"featured_media":0,"parent":0,"menu_order":0,"comment_status":"open","ping_status":"open","template":"page-NoTitleBar.php","meta":[],"_links":{"self":[{"href":"https:\/\/elisa-willet.com\/index.php\/wp-json\/wp\/v2\/pages\/4429"}],"collection":[{"href":"https:\/\/elisa-willet.com\/index.php\/wp-json\/wp\/v2\/pages"}],"about":[{"href":"https:\/\/elisa-willet.com\/index.php\/wp-json\/wp\/v2\/types\/page"}],"author":[{"embeddable":true,"href":"https:\/\/elisa-willet.com\/index.php\/wp-json\/wp\/v2\/users\/1"}],"replies":[{"embeddable":true,"href":"https:\/\/elisa-willet.com\/index.php\/wp-json\/wp\/v2\/comments?post=4429"}],"version-history":[{"count":28,"href":"https:\/\/elisa-willet.com\/index.php\/wp-json\/wp\/v2\/pages\/4429\/revisions"}],"predecessor-version":[{"id":6501,"href":"https:\/\/elisa-willet.com\/index.php\/wp-json\/wp\/v2\/pages\/4429\/revisions\/6501"}],"wp:attachment":[{"href":"https:\/\/elisa-willet.com\/index.php\/wp-json\/wp\/v2\/media?parent=4429"}],"curies":[{"name":"wp","href":"https:\/\/api.w.org\/{rel}","templated":true}]}}