{"id":4660,"date":"2015-04-08T14:19:32","date_gmt":"2015-04-08T14:19:32","guid":{"rendered":"http:\/\/aqua.wpbestsolution.net\/?page_id=4660"},"modified":"2022-10-20T13:09:23","modified_gmt":"2022-10-20T11:09:23","slug":"reservation","status":"publish","type":"page","link":"https:\/\/elisa-willet.com\/index.php\/reservation\/","title":{"rendered":"Reservation"},"content":{"rendered":"<p>[vc_row][vc_column][vc_separator][vc_column_text]<\/p>\n<p style=\"text-align: center;\">N&#8217;h\u00e9sitez pas \u00e0 r\u00e9server directement en ligne via le bouton ci-dessous, ou \u00e0 me contacter directement par email, par t\u00e9l\u00e9phone au <a href=\"tel:0102030405\">06 71 26 19 59<\/a> ou via le formulaire de <a href=\"https:\/\/elisa-willet.com\/index.php\/contact\/\">contact<\/a>.<\/p>\n<p style=\"text-align: center;\">Merci et \u00e0 tr\u00e8s vite !<\/p>\n<p>[\/vc_column_text][vc_btn title=&#8221;RESERVER DES MAINTENANT&#8221; color=&#8221;chino&#8221; align=&#8221;center&#8221; link=&#8221;url:https%3A%2F%2Fwidget.treatwell.fr%2Fsalon%2Felisa-willet-chez-tchilo-body-lab%2F|title:Reservation|target:%20_blank|&#8221;][vc_column_text]<\/p>\n<p class=\"text-medium text-center text-bold\">Horaires d&#8217;ouvertures : du lundi au samedi de 9h \u00e0 19h<\/p>\n<p>[\/vc_column_text][vc_separator][\/vc_column][\/vc_row]<\/p>\n","protected":false},"excerpt":{"rendered":"<p>[vc_row][vc_column][vc_separator][vc_column_text] N&#8217;h\u00e9sitez pas \u00e0 r\u00e9server directement en ligne via le bouton ci-dessous, ou \u00e0 me contacter directement par email, par t\u00e9l\u00e9phone au 06 71 26 19 59 ou via le formulaire de contact. Merci et \u00e0 tr\u00e8s vite ! [\/vc_column_text][vc_btn title=&#8221;RESERVER DES MAINTENANT&#8221; color=&#8221;chino&#8221; align=&#8221;center&#8221; link=&#8221;url:https%3A%2F%2Fwidget.treatwell.fr%2Fsalon%2Felisa-willet-chez-tchilo-body-lab%2F|title:Reservation|target:%20_blank|&#8221;][vc_column_text] Horaires d&#8217;ouvertures : du lundi au samedi de 9h [&hellip;]<\/p>\n","protected":false},"author":1,"featured_media":0,"parent":0,"menu_order":0,"comment_status":"open","ping_status":"open","template":"page-NoTitleBar.php","meta":[],"_links":{"self":[{"href":"https:\/\/elisa-willet.com\/index.php\/wp-json\/wp\/v2\/pages\/4660"}],"collection":[{"href":"https:\/\/elisa-willet.com\/index.php\/wp-json\/wp\/v2\/pages"}],"about":[{"href":"https:\/\/elisa-willet.com\/index.php\/wp-json\/wp\/v2\/types\/page"}],"author":[{"embeddable":true,"href":"https:\/\/elisa-willet.com\/index.php\/wp-json\/wp\/v2\/users\/1"}],"replies":[{"embeddable":true,"href":"https:\/\/elisa-willet.com\/index.php\/wp-json\/wp\/v2\/comments?post=4660"}],"version-history":[{"count":13,"href":"https:\/\/elisa-willet.com\/index.php\/wp-json\/wp\/v2\/pages\/4660\/revisions"}],"predecessor-version":[{"id":6491,"href":"https:\/\/elisa-willet.com\/index.php\/wp-json\/wp\/v2\/pages\/4660\/revisions\/6491"}],"wp:attachment":[{"href":"https:\/\/elisa-willet.com\/index.php\/wp-json\/wp\/v2\/media?parent=4660"}],"curies":[{"name":"wp","href":"https:\/\/api.w.org\/{rel}","templated":true}]}}