{"id":5,"date":"2015-04-01T13:17:45","date_gmt":"2015-04-01T13:17:45","guid":{"rendered":"http:\/\/aqua.wpbestsolution.net\/?page_id=5"},"modified":"2024-09-16T17:37:09","modified_gmt":"2024-09-16T15:37:09","slug":"home-one-page","status":"publish","type":"page","link":"https:\/\/elisa-willet.com\/","title":{"rendered":"Elisa Willet &#8211; Massages Amincissants Palper Rouler &#8211; Kobido &#8211; Relaxants &#038; R\u00e9flexologie plantaire &#8211; Naturopathie &#8211; Paris le Marais"},"content":{"rendered":"\t\t<div data-elementor-type=\"wp-page\" data-elementor-id=\"5\" class=\"elementor elementor-5\" data-elementor-settings=\"[]\">\n\t\t\t\t\t\t\t<div class=\"elementor-section-wrap\">\n\t\t\t\t\t\t\t<section class=\"elementor-section elementor-top-section elementor-element elementor-element-2d419199 elementor-section-boxed elementor-section-height-default elementor-section-height-default\" data-id=\"2d419199\" data-element_type=\"section\">\n\t\t\t\t\t\t<div class=\"elementor-container elementor-column-gap-default\">\n\t\t\t\t\t<div class=\"elementor-column elementor-col-100 elementor-top-column elementor-element elementor-element-114fc89d\" data-id=\"114fc89d\" data-element_type=\"column\">\n\t\t\t<div class=\"elementor-widget-wrap elementor-element-populated\">\n\t\t\t\t\t\t\t\t<div class=\"elementor-element elementor-element-4277a364 elementor-widget elementor-widget-text-editor\" data-id=\"4277a364\" data-element_type=\"widget\" data-widget_type=\"text-editor.default\">\n\t\t\t\t<div class=\"elementor-widget-container\">\n\t\t\t\t\t\t\t<p>[vc_row id_section=&#8221;home&#8221; content_full_width=&#8221;1&#8243; scroll_button=&#8221;scroll_button_hide&#8221;][vc_column][rev_slider_vc alias=&#8221;Slider2&#8243;][\/vc_column][\/vc_row][vc_row id_section=&#8221;about&#8221; el_class=&#8221;text-center&#8221; scroll_button=&#8221;scroll_button_hide&#8221; css=&#8221;.vc_custom_1437962873402{padding-top: 70px !important;padding-bottom: 20px !important;}&#8221;][vc_column]\t\t\t<h3 class=\"headline text-center underline  \" >\r\n\t\t\t\tElisa Willet &#8211; Massages amincissants, beaut\u00e9 et bien \u00eatre dans le marais, r\u00e9flexologie plantaire et naturopathe en plein c\u0153ur de Paris.\t\t\t<\/h3>\r\n\t\t[\/vc_column][vc_column][\/vc_column][\/vc_row][vc_row id_section=&#8221;about&#8221; el_class=&#8221;text-center&#8221; scroll_button=&#8221;scroll_button_hide&#8221; css=&#8221;.vc_custom_1437962873402{padding-top: 70px !important;padding-bottom: 20px !important;}&#8221;][vc_column width=&#8221;1\/2&#8243;][vc_column_text]Venez profiter d\u2019un moment pour vous, dans les mains expertes d\u2019Elisa Willet, masseuse professionnelle et r\u00e9flexologue plantaire sp\u00e9cialis\u00e9e dans le bien-\u00eatre et l\u2019amincissement. D\u00e9tendez-vous dans un espace cosy o\u00f9 se c\u00f4toient des sportifs de haut niveau, des professionnels du milieu de la mode ou des photographes, en plein c\u0153ur de Paris \u00e0 2 pas du carreau du temple et du march\u00e9 des enfants rouges.[\/vc_column_text][vc_btn title=&#8221;RESERVEZ&#8221; color=&#8221;pink&#8221; size=&#8221;lg&#8221; align=&#8221;center&#8221; link=&#8221;url:https%3A%2F%2Fwidget.treatwell.fr%2Fsalon%2Felisa-willet-chez-tchilo-body-lab%2F|title:Reservation|target:%20_blank|&#8221;][\/vc_column][vc_column width=&#8221;1\/2&#8243;][vc_single_image image=&#8221;6484&#8243; img_size=&#8221;medium&#8221; alignment=&#8221;center&#8221;][\/vc_column][\/vc_row][vc_row id_section=&#8221;about&#8221; el_class=&#8221;text-center&#8221; scroll_button=&#8221;scroll_button_hide&#8221; css=&#8221;.vc_custom_1437962873402{padding-top: 70px !important;padding-bottom: 20px !important;}&#8221;][vc_column][vc_separator][\/vc_column][\/vc_row][vc_row el_class=&#8221;text-center tb-row-colsm-full&#8221; scroll_button=&#8221;scroll_button_hide&#8221; css=&#8221;.vc_custom_1432131773014{padding-bottom: 60px !important;}&#8221;][vc_column width=&#8221;1\/3&#8243; offset=&#8221;vc_col-lg-4 vc_col-md-4&#8243;]\t\t<div class=\"ro-service-wrap \">\r\n\t\t\t<div class=\"ro-service-item-2 clearfix\">\r\n\t<a href=\"https:\/\/elisa-willet.com\/index.php\/prestations\/palper-rouler-massages-amincissants\/\">\r\n\t\t<div>\r\n\t\t\t<img width=\"334\" height=\"501\" src=\"https:\/\/elisa-willet.com\/wp-content\/uploads\/2021\/09\/palper-rouler.jpg\" class=\"attachment-full size-full\" alt=\"\" loading=\"lazy\" srcset=\"https:\/\/elisa-willet.com\/wp-content\/uploads\/2021\/09\/palper-rouler.jpg 334w, https:\/\/elisa-willet.com\/wp-content\/uploads\/2021\/09\/palper-rouler-200x300.jpg 200w, https:\/\/elisa-willet.com\/wp-content\/uploads\/2021\/09\/palper-rouler-133x200.jpg 133w\" sizes=\"(max-width: 334px) 100vw, 334px\" \/>\t\t\t<h4>PALPER ROULER MANUEL<\/h4>\t\t\t<p>Elisa Willet pratique la technique du palper rouler depuis pr\u00e8s de 15 ans. Le Palper Rouler est une technique de massage amincissant favorisant la fonte des graisses et am\u00e9liorant la circulation lymphatique et veineuse. Les effets sont garantis pour rendre votre peau plus ferme en quelques s\u00e9ances.<\/p>\t\t<\/div>\r\n\t<\/a>\r\n<\/div>\r\n\t\t<\/div>\r\n\t\t\r\n    [vc_btn title=&#8221;DECOUVREZ&#8221; color=&#8221;chino&#8221; link=&#8221;url:https%3A%2F%2Felisa-willet.com%2Findex.php%2Fprestations%2Fpalper-rouler-massages-amincissants%2F|title:Palper%20rouler||&#8221;][vc_btn title=&#8221;RESERVEZ&#8221; color=&#8221;pink&#8221; size=&#8221;lg&#8221; align=&#8221;center&#8221; link=&#8221;url:https%3A%2F%2Fwidget.treatwell.fr%2Fsalon%2Felisa-willet-chez-tchilo-body-lab%2F|title:Reservation|target:%20_blank|&#8221;]\t\t<div class=\"ro-service-wrap \">\r\n\t\t\t<div class=\"ro-service-item-2 clearfix\">\r\n\t<a href=\"https:\/\/elisa-willet.com\/index.php\/prestations\/naturopathie\/\">\r\n\t\t<div>\r\n\t\t\t<img width=\"1000\" height=\"1495\" src=\"https:\/\/elisa-willet.com\/wp-content\/uploads\/2024\/09\/WhatsApp-Image-2024-09-12-at-08.50.57-e1726132719377.jpeg\" class=\"attachment-full size-full\" alt=\"\" loading=\"lazy\" \/>\t\t\t<h4>LA NATUROPATHIE<\/h4>\t\t\t<p>Elisa Willet propose des s\u00e9ances de naturopathie est personnalis\u00e9e, holistique, et vise \u00e0 autonomiser le patient dans la gestion de sa sant\u00e9 \u00e0 long terme. La naturopathie est une approche de sant\u00e9 naturelle qui vise \u00e0 pr\u00e9server et optimiser le bien-\u00eatre global. En s\u2019appuyant sur des m\u00e9thodes naturelles comme l\u2019alimentation, la gestion du stress, l\u2019activit\u00e9 physique et les plantes m\u00e9dicinales, elle stimule les capacit\u00e9s d\u2019auto-gu\u00e9rison du corps.<\/p>\t\t<\/div>\r\n\t<\/a>\r\n<\/div>\r\n\t\t<\/div>\r\n\t\t\r\n    [vc_btn title=&#8221;DECOUVREZ&#8221; color=&#8221;chino&#8221; link=&#8221;url:https%3A%2F%2Felisa-willet.com%2Findex.php%2Fprestations%2Fnaturopathie%2F|title:Palper%20rouler||&#8221;][vc_btn title=&#8221;RESERVEZ&#8221; color=&#8221;pink&#8221; size=&#8221;lg&#8221; align=&#8221;center&#8221; link=&#8221;url:https%3A%2F%2Fwidget.treatwell.fr%2Fsalon%2Felisa-willet-chez-tchilo-body-lab%2F|title:Reservation|target:%20_blank|&#8221;][\/vc_column][vc_column width=&#8221;1\/3&#8243;]\t\t<div class=\"ro-service-wrap \">\r\n\t\t\t<div class=\"ro-service-item-2 clearfix\">\r\n\t<a href=\"https:\/\/elisa-willet.com\/index.php\/prestations\/reflexologie-plantaire\/\">\r\n\t\t<div>\r\n\t\t\t<img width=\"1624\" height=\"1087\" src=\"https:\/\/elisa-willet.com\/wp-content\/uploads\/2022\/01\/Reflexologie-plantaire-4.jpg\" class=\"attachment-full size-full\" alt=\"\" loading=\"lazy\" srcset=\"https:\/\/elisa-willet.com\/wp-content\/uploads\/2022\/01\/Reflexologie-plantaire-4.jpg 1624w, https:\/\/elisa-willet.com\/wp-content\/uploads\/2022\/01\/Reflexologie-plantaire-4-300x201.jpg 300w, https:\/\/elisa-willet.com\/wp-content\/uploads\/2022\/01\/Reflexologie-plantaire-4-1024x685.jpg 1024w, https:\/\/elisa-willet.com\/wp-content\/uploads\/2022\/01\/Reflexologie-plantaire-4-768x514.jpg 768w, https:\/\/elisa-willet.com\/wp-content\/uploads\/2022\/01\/Reflexologie-plantaire-4-200x134.jpg 200w, https:\/\/elisa-willet.com\/wp-content\/uploads\/2022\/01\/Reflexologie-plantaire-4-1536x1028.jpg 1536w\" sizes=\"(max-width: 1624px) 100vw, 1624px\" \/>\t\t\t<h4>REFLEXOLOGIE PLANTAIRE<\/h4>\t\t\t<p>La r\u00e9flexologie plantaire est une m\u00e9decine parall\u00e8le qui propose de traiter certaines pathologies, ou simplement des tensions, \u00e0 partir de massages des pieds.<\/p>\t\t<\/div>\r\n\t<\/a>\r\n<\/div>\r\n\t\t<\/div>\r\n\t\t\r\n    [vc_btn title=&#8221;DECOUVREZ&#8221; color=&#8221;chino&#8221; link=&#8221;url:https%3A%2F%2Felisa-willet.com%2Findex.php%2Fprestations%2Freflexologie-plantaire%2F|title:Palper%20rouler||&#8221;][vc_btn title=&#8221;RESERVEZ&#8221; color=&#8221;pink&#8221; size=&#8221;lg&#8221; align=&#8221;center&#8221; link=&#8221;url:https%3A%2F%2Fwidget.treatwell.fr%2Fsalon%2Felisa-willet-chez-tchilo-body-lab%2F|title:Reservation|target:%20_blank|&#8221;]\t\t<div class=\"ro-service-wrap \">\r\n\t\t\t<div class=\"ro-service-item-2 clearfix\">\r\n\t<a href=\"https:\/\/elisa-willet.com\/index.php\/prestations\/soin-du-visage-kobido\/\">\r\n\t\t<div>\r\n\t\t\t<img width=\"500\" height=\"333\" src=\"https:\/\/elisa-willet.com\/wp-content\/uploads\/2021\/09\/kobido-2.jpg\" class=\"attachment-full size-full\" alt=\"\" loading=\"lazy\" srcset=\"https:\/\/elisa-willet.com\/wp-content\/uploads\/2021\/09\/kobido-2.jpg 500w, https:\/\/elisa-willet.com\/wp-content\/uploads\/2021\/09\/kobido-2-300x200.jpg 300w, https:\/\/elisa-willet.com\/wp-content\/uploads\/2021\/09\/kobido-2-200x133.jpg 200w\" sizes=\"(max-width: 500px) 100vw, 500px\" \/>\t\t\t<h4>SOIN DU VISAGE KOBIDO<\/h4>\t\t\t<p>Le Kobido est une technique japonaise permettant de rajeunir le visage gr\u00e2ce \u00e0 un massage. Le Kobido travaille sur l\u2019\u00e9quilibre du \u00ab chi \u00bb, l\u2019\u00e9nergie vitale pour stimuler la microcirculation cutan\u00e9e et le flux lymphatique afin de rajeunir votre visage.<\/p>\t\t<\/div>\r\n\t<\/a>\r\n<\/div>\r\n\t\t<\/div>\r\n\t\t\r\n    [vc_btn title=&#8221;DECOUVREZ&#8221; color=&#8221;chino&#8221; link=&#8221;url:https%3A%2F%2Felisa-willet.com%2Findex.php%2Fprestations%2Fsoin-du-visage-kobido%2F|title:Kobido||&#8221;][vc_btn title=&#8221;RESERVEZ&#8221; color=&#8221;pink&#8221; size=&#8221;lg&#8221; align=&#8221;center&#8221; link=&#8221;url:https%3A%2F%2Fwidget.treatwell.fr%2Fsalon%2Felisa-willet-chez-tchilo-body-lab%2F|title:Reservation|target:%20_blank|&#8221;][\/vc_column][vc_column width=&#8221;1\/3&#8243;]\t\t<div class=\"ro-service-wrap \">\r\n\t\t\t<div class=\"ro-service-item-2 clearfix\">\r\n\t<a href=\"https:\/\/elisa-willet.com\/index.php\/prestations\/massages-relaxants\/\">\r\n\t\t<div>\r\n\t\t\t<img width=\"353\" height=\"500\" src=\"https:\/\/elisa-willet.com\/wp-content\/uploads\/2021\/09\/massage-dos.jpg\" class=\"attachment-full size-full\" alt=\"\" loading=\"lazy\" srcset=\"https:\/\/elisa-willet.com\/wp-content\/uploads\/2021\/09\/massage-dos.jpg 353w, https:\/\/elisa-willet.com\/wp-content\/uploads\/2021\/09\/massage-dos-212x300.jpg 212w, https:\/\/elisa-willet.com\/wp-content\/uploads\/2021\/09\/massage-dos-141x200.jpg 141w\" sizes=\"(max-width: 353px) 100vw, 353px\" \/>\t\t\t<h4>MASSAGES RELAXANTS<\/h4>\t\t\t<p>Profitez d&#039;un moment de d\u00e9tente pour oublier les tracas de la vie quotidienne. Elisa Willet vous propose des massages relaxants, de la t\u00eate aux pieds avec de nombreuses techniques, du massage tha\u00ef au californien. Reposez vous et d\u00e9tendez vous l&#039;espace d&#039;un instant.<\/p>\t\t<\/div>\r\n\t<\/a>\r\n<\/div>\r\n\t\t<\/div>\r\n\t\t\r\n    [vc_btn title=&#8221;DECOUVREZ&#8221; color=&#8221;chino&#8221; link=&#8221;url:https%3A%2F%2Felisa-willet.com%2Findex.php%2Fprestations%2Fmassages-relaxants%2F|title:Palper%20rouler||&#8221;][vc_btn title=&#8221;RESERVEZ&#8221; color=&#8221;pink&#8221; size=&#8221;lg&#8221; align=&#8221;center&#8221; link=&#8221;url:https%3A%2F%2Fwidget.treatwell.fr%2Fsalon%2Felisa-willet-chez-tchilo-body-lab%2F|title:Reservation|target:%20_blank|&#8221;]\t\t<div class=\"ro-service-wrap \">\r\n\t\t\t<div class=\"ro-service-item-2 clearfix\">\r\n\t<a href=\"https:\/\/elisa-willet.com\/index.php\/prestations\/drainage-lymphatique-methode-vodder-massages-amincissants\/\">\r\n\t\t<div>\r\n\t\t\t<img width=\"1383\" height=\"1690\" src=\"https:\/\/elisa-willet.com\/wp-content\/uploads\/2024\/08\/PHOTO-2024-08-27-23-17-47.jpg\" class=\"attachment-full size-full\" alt=\"Drainage\" loading=\"lazy\" srcset=\"https:\/\/elisa-willet.com\/wp-content\/uploads\/2024\/08\/PHOTO-2024-08-27-23-17-47.jpg 1383w, https:\/\/elisa-willet.com\/wp-content\/uploads\/2024\/08\/PHOTO-2024-08-27-23-17-47-246x300.jpg 246w, https:\/\/elisa-willet.com\/wp-content\/uploads\/2024\/08\/PHOTO-2024-08-27-23-17-47-838x1024.jpg 838w, https:\/\/elisa-willet.com\/wp-content\/uploads\/2024\/08\/PHOTO-2024-08-27-23-17-47-768x938.jpg 768w, https:\/\/elisa-willet.com\/wp-content\/uploads\/2024\/08\/PHOTO-2024-08-27-23-17-47-164x200.jpg 164w, https:\/\/elisa-willet.com\/wp-content\/uploads\/2024\/08\/PHOTO-2024-08-27-23-17-47-1257x1536.jpg 1257w\" sizes=\"(max-width: 1383px) 100vw, 1383px\" \/>\t\t\t<h4>DRAINAGE LYMPHATIQUE<\/h4>\t\t\t<p>Le drainage lymphatique selon la m\u00e9thode Vodder est une technique douce visant \u00e0 am\u00e9liorer la circulation de la lymphe et \u00e0 renforcer le syst\u00e8me immunitaire. D\u00e9velopp\u00e9e par le Dr Emil Vodder, cette m\u00e9thode utilise des mouvements lents et pr\u00e9cis pour r\u00e9duire les \u0153d\u00e8mes, favoriser la d\u00e9toxification, et apporter une relaxation profonde.<\/p>\t\t<\/div>\r\n\t<\/a>\r\n<\/div>\r\n\t\t<\/div>\r\n\t\t\r\n    [vc_btn title=&#8221;DECOUVREZ&#8221; color=&#8221;chino&#8221; link=&#8221;url:https%3A%2F%2Felisa-willet.com%2Findex.php%2Fprestations%2Fdrainage-lymphatique-methode-vodder-massages-amincissants%2F|title:Palper%20rouler||&#8221;][vc_btn title=&#8221;RESERVEZ&#8221; color=&#8221;pink&#8221; size=&#8221;lg&#8221; align=&#8221;center&#8221; link=&#8221;url:https%3A%2F%2Fwidget.treatwell.fr%2Fsalon%2Felisa-willet-chez-tchilo-body-lab%2F|title:Reservation|target:%20_blank|&#8221;][\/vc_column][\/vc_row][vc_row id_section=&#8221;about&#8221; el_class=&#8221;text-center&#8221; scroll_button=&#8221;scroll_button_hide&#8221; css=&#8221;.vc_custom_1437962873402{padding-top: 70px !important;padding-bottom: 20px !important;}&#8221;][vc_column][vc_separator][\/vc_column][\/vc_row][vc_row el_class=&#8221;text-center tb-row-colsm-full&#8221; scroll_button=&#8221;scroll_button_hide&#8221; css=&#8221;.vc_custom_1432131773014{padding-bottom: 60px !important;}&#8221;][vc_column width=&#8221;1\/3&#8243; offset=&#8221;vc_col-lg-4 vc_col-md-4&#8243;]\t\t<div class=\"ro-service-wrap \">\r\n\t\t\t<div class=\"ro-service-item-2 clearfix\">\r\n\t<a href=\"#\">\r\n\t\t<div>\r\n\t\t\t<img width=\"300\" height=\"94\" src=\"https:\/\/elisa-willet.com\/wp-content\/uploads\/2022\/03\/5-statr-e1647640845655.png\" class=\"attachment-full size-full\" alt=\"\" loading=\"lazy\" \/>\t\t\t<h4>5 ETOILES SUR TOUTES LES PLATEFORMES<\/h4>\t\t\t<p><\/p>\t\t<\/div>\r\n\t<\/a>\r\n<\/div>\r\n\t\t<\/div>\r\n\t\t\r\n    [vc_column_text]=&gt; <a href=\"https:\/\/www.treatwell.fr\/salon\/elisa-willet-chez-tchilo-body-lab\/\" target=\"_blank\" rel=\"noopener\">Treatwell<\/a><br \/>\r\n=&gt; <a href=\"https:\/\/www.facebook.com\/ElisaWilletMassages\/\" target=\"_blank\" rel=\"noopener\">Facebook<\/a><br \/>\r\n=&gt; <a href=\"https:\/\/g.co\/kgs\/3ChFXan\" target=\"_blank\" rel=\"noopener\">Google<\/a>[\/vc_column_text][\/vc_column][vc_column width=&#8221;1\/3&#8243;]\t\t<div class=\"ro-service-wrap \">\r\n\t\t\t<div class=\"ro-service-item-2 clearfix\">\r\n\t<a href=\"#\">\r\n\t\t<div>\r\n\t\t\t<img width=\"120\" height=\"122\" src=\"https:\/\/elisa-willet.com\/wp-content\/uploads\/2022\/03\/picto-xp-e1647640991411.png\" class=\"attachment-full size-full\" alt=\"\" loading=\"lazy\" \/>\t\t\t<h4>20 ANS D&#039;EXPERIENCE<\/h4>\t\t\t<p><\/p>\t\t<\/div>\r\n\t<\/a>\r\n<\/div>\r\n\t\t<\/div>\r\n\t\t\r\n    [vc_column_text]Plus de 20 ans d&#8217;exp\u00e9rience dans le massage et sp\u00e9cialis\u00e9e en palper rouler manuel et Kobido[\/vc_column_text][\/vc_column][vc_column width=&#8221;1\/3&#8243;]\t\t<div class=\"ro-service-wrap \">\r\n\t\t\t<div class=\"ro-service-item-2 clearfix\">\r\n\t<a href=\"#\">\r\n\t\t<div>\r\n\t\t\t<img width=\"122\" height=\"119\" src=\"https:\/\/elisa-willet.com\/wp-content\/uploads\/2022\/03\/school-e1647641071889.png\" class=\"attachment-full size-full\" alt=\"\" loading=\"lazy\" \/>\t\t\t<h4>DIPLOME D&#039;ETAT<\/h4>\t\t\t<p><\/p>\t\t<\/div>\r\n\t<\/a>\r\n<\/div>\r\n\t\t<\/div>\r\n\t\t\r\n    [vc_column_text]Dipl\u00f4m\u00e9e d&#8217;\u00e9tat avec un savoir faire reconnu sur Paris et dans le sport[\/vc_column_text][\/vc_column][\/vc_row][vc_row id_section=&#8221;about&#8221; el_class=&#8221;text-center&#8221; scroll_button=&#8221;scroll_button_hide&#8221; css=&#8221;.vc_custom_1437962873402{padding-top: 70px !important;padding-bottom: 20px !important;}&#8221;][vc_column][vc_separator][\/vc_column][\/vc_row][vc_row id_section=&#8221;book&#8221; css=&#8221;.vc_custom_1437964267586{padding-top: 60px !important;padding-bottom: 80px !important;}&#8221; scroll_button=&#8221;scroll_button_hide&#8221;][vc_column offset=&#8221;vc_col-lg-offset-1 vc_col-lg-10 vc_col-md-offset-1 vc_col-md-10&#8243;]\t\t\t<h3 class=\"headline text-center underline  \" >\r\n\t\t\t\tRESERVATION\t\t\t<\/h3>\r\n\t\t[vc_column_text]<\/p>\r\n<p style=\"text-align: center;\">N&#8217;h\u00e9sitez pas \u00e0 r\u00e9server directement en ligne via le bouton ci-dessous.<\/p>\r\n<p style=\"text-align: center;\">Merci et \u00e0 tr\u00e8s vite !<\/p>\r\n<p>[\/vc_column_text][vc_btn title=&#8221;RESERVEZ DES MAINTENANT&#8221; color=&#8221;pink&#8221; size=&#8221;lg&#8221; align=&#8221;center&#8221; link=&#8221;url:https%3A%2F%2Fwidget.treatwell.fr%2Fsalon%2Felisa-willet-chez-tchilo-body-lab%2F|title:Reservation|target:%20_blank|&#8221;][vc_column_text]<\/p>\r\n<p style=\"text-align: center;\">Horaires : Du lundi au samedi de 9h00 \u00e0 19h00<\/p>\r\n<p>[\/vc_column_text][vc_empty_space height=&#8221;30px&#8221;][\/vc_column][\/vc_row]<\/p>\r\n\t\t\t\t\t\t<\/div>\n\t\t\t\t<\/div>\n\t\t\t\t\t<\/div>\n\t\t<\/div>\n\t\t\t\t\t\t\t<\/div>\n\t\t<\/section>\n\t\t\t\t<section class=\"elementor-section elementor-top-section elementor-element elementor-element-424aa94 elementor-section-boxed elementor-section-height-default elementor-section-height-default\" data-id=\"424aa94\" data-element_type=\"section\">\n\t\t\t\t\t\t<div class=\"elementor-container elementor-column-gap-default\">\n\t\t\t\t\t<div class=\"elementor-column elementor-col-100 elementor-top-column elementor-element elementor-element-90688ae\" data-id=\"90688ae\" data-element_type=\"column\">\n\t\t\t<div class=\"elementor-widget-wrap elementor-element-populated\">\n\t\t\t\t\t\t\t\t<div class=\"elementor-element elementor-element-10abcc9 elementor-aspect-ratio-169 elementor-widget elementor-widget-video\" data-id=\"10abcc9\" data-element_type=\"widget\" data-settings=\"{&quot;video_type&quot;:&quot;vimeo&quot;,&quot;autoplay&quot;:&quot;yes&quot;,&quot;play_on_mobile&quot;:&quot;yes&quot;,&quot;loop&quot;:&quot;yes&quot;,&quot;aspect_ratio&quot;:&quot;169&quot;}\" data-widget_type=\"video.default\">\n\t\t\t\t<div class=\"elementor-widget-container\">\n\t\t\t\t\t<div class=\"elementor-wrapper elementor-fit-aspect-ratio elementor-open-inline\">\n\t\t\t<iframe class=\"elementor-video-iframe\" allowfullscreen title=\"vimeo Video Player\" src=\"https:\/\/player.vimeo.com\/video\/1009894801?autoplay=1&amp;playsinline=1&amp;color&amp;autopause=0&amp;loop=1&amp;muted=0&amp;title=1&amp;portrait=1&amp;byline=1#t=\"><\/iframe>\t\t<\/div>\n\t\t\t\t<\/div>\n\t\t\t\t<\/div>\n\t\t\t\t\t<\/div>\n\t\t<\/div>\n\t\t\t\t\t\t\t<\/div>\n\t\t<\/section>\n\t\t\t\t\t\t<\/div>\n\t\t\t\t\t<\/div>\n\t\t","protected":false},"excerpt":{"rendered":"<p>[vc_row id_section=&#8221;home&#8221; content_full_width=&#8221;1&#8243; scroll_button=&#8221;scroll_button_hide&#8221;][vc_column][rev_slider_vc alias=&#8221;Slider2&#8243;][\/vc_column][\/vc_row][vc_row id_section=&#8221;about&#8221; el_class=&#8221;text-center&#8221; scroll_button=&#8221;scroll_button_hide&#8221; css=&#8221;.vc_custom_1437962873402{padding-top: 70px !important;padding-bottom: 20px !important;}&#8221;][vc_column][\/vc_column][vc_column][\/vc_column][\/vc_row][vc_row id_section=&#8221;about&#8221; el_class=&#8221;text-center&#8221; scroll_button=&#8221;scroll_button_hide&#8221; css=&#8221;.vc_custom_1437962873402{padding-top: 70px !important;padding-bottom: 20px !important;}&#8221;][vc_column width=&#8221;1\/2&#8243;][vc_column_text]Venez profiter d\u2019un moment pour vous, dans les mains expertes d\u2019Elisa Willet, masseuse professionnelle et r\u00e9flexologue plantaire sp\u00e9cialis\u00e9e dans le bien-\u00eatre et l\u2019amincissement. D\u00e9tendez-vous dans un espace cosy o\u00f9 se c\u00f4toient des sportifs de [&hellip;]<\/p>\n","protected":false},"author":1,"featured_media":0,"parent":0,"menu_order":0,"comment_status":"open","ping_status":"open","template":"","meta":[],"_links":{"self":[{"href":"https:\/\/elisa-willet.com\/index.php\/wp-json\/wp\/v2\/pages\/5"}],"collection":[{"href":"https:\/\/elisa-willet.com\/index.php\/wp-json\/wp\/v2\/pages"}],"about":[{"href":"https:\/\/elisa-willet.com\/index.php\/wp-json\/wp\/v2\/types\/page"}],"author":[{"embeddable":true,"href":"https:\/\/elisa-willet.com\/index.php\/wp-json\/wp\/v2\/users\/1"}],"replies":[{"embeddable":true,"href":"https:\/\/elisa-willet.com\/index.php\/wp-json\/wp\/v2\/comments?post=5"}],"version-history":[{"count":97,"href":"https:\/\/elisa-willet.com\/index.php\/wp-json\/wp\/v2\/pages\/5\/revisions"}],"predecessor-version":[{"id":6617,"href":"https:\/\/elisa-willet.com\/index.php\/wp-json\/wp\/v2\/pages\/5\/revisions\/6617"}],"wp:attachment":[{"href":"https:\/\/elisa-willet.com\/index.php\/wp-json\/wp\/v2\/media?parent=5"}],"curies":[{"name":"wp","href":"https:\/\/api.w.org\/{rel}","templated":true}]}}