{"id":6290,"date":"2021-09-20T17:44:21","date_gmt":"2021-09-20T15:44:21","guid":{"rendered":"http:\/\/elisa-willet.com\/?page_id=6290"},"modified":"2021-09-20T17:44:21","modified_gmt":"2021-09-20T15:44:21","slug":"sitemap","status":"publish","type":"page","link":"https:\/\/elisa-willet.com\/index.php\/sitemap\/","title":{"rendered":"Sitemap"},"content":{"rendered":"<p><strong><div class=\"wsp-container\"><h2 class=\"wsp-pages-title\">Pages<\/h2>\n<ul class=\"wsp-pages-list\">\n<li class=\"page_item page-item-4424\"><a href=\"https:\/\/elisa-willet.com\/index.php\/contact\/\">Contact<\/a><\/li>\n<li class=\"page_item page-item-5\"><a href=\"https:\/\/elisa-willet.com\/\">Elisa Willet &#8211; Massages Amincissants Palper Rouler &#8211; Kobido &#8211; Relaxants &#038; R\u00e9flexologie plantaire &#8211; Naturopathie &#8211; Paris le Marais<\/a><\/li>\n<li class=\"page_item page-item-6370\"><a href=\"https:\/\/elisa-willet.com\/index.php\/le-blog-sante-bien-etre-delisa-willet\/\">Le blog sant\u00e9, bien \u00eatre d&#8217;Elisa Willet<\/a><\/li>\n<li class=\"page_item page-item-4429\"><a href=\"https:\/\/elisa-willet.com\/index.php\/lecentre\/\">Le Centre<\/a><\/li>\n<li class=\"page_item page-item-6284\"><a href=\"https:\/\/elisa-willet.com\/index.php\/log-in\/\">Log In<\/a><\/li>\n<li class=\"page_item page-item-6289\"><a href=\"https:\/\/elisa-willet.com\/index.php\/member-directory\/\">Member Directory<\/a><\/li>\n<li class=\"page_item page-item-6287\"><a href=\"https:\/\/elisa-willet.com\/index.php\/account\/\">My Account<\/a><\/li>\n<li class=\"page_item page-item-6288\"><a href=\"https:\/\/elisa-willet.com\/index.php\/my-profile\/\">My Profile<\/a><\/li>\n<li class=\"page_item page-item-6062\"><a href=\"https:\/\/elisa-willet.com\/index.php\/newsletter\/\">Newsletter<\/a><\/li>\n<li class=\"page_item page-item-4426 page_item_has_children\"><a href=\"https:\/\/elisa-willet.com\/index.php\/prestations\/\">Prestations<\/a>\n<ul class='children'>\n\t<li class=\"page_item page-item-6529\"><a href=\"https:\/\/elisa-willet.com\/index.php\/prestations\/drainage-lymphatique-methode-vodder-massages-amincissants\/\">Drainage lymphatique m\u00e9thode Vodder &#8211; Massages Amincissants<\/a><\/li>\n\t<li class=\"page_item page-item-6544\"><a href=\"https:\/\/elisa-willet.com\/index.php\/prestations\/naturopathie\/\">La naturopathie<\/a><\/li>\n\t<li class=\"page_item page-item-6311\"><a href=\"https:\/\/elisa-willet.com\/index.php\/prestations\/massages-relaxants\/\">Massages relaxants &#038; femmes enceintes<\/a><\/li>\n\t<li class=\"page_item page-item-6309\"><a href=\"https:\/\/elisa-willet.com\/index.php\/prestations\/palper-rouler-massages-amincissants\/\">Palper Rouler &#8211; Massages Amincissants<\/a><\/li>\n\t<li class=\"page_item page-item-6313\"><a href=\"https:\/\/elisa-willet.com\/index.php\/prestations\/reflexologie-plantaire\/\">R\u00e9flexologie plantaire<\/a><\/li>\n\t<li class=\"page_item page-item-6310\"><a href=\"https:\/\/elisa-willet.com\/index.php\/prestations\/soin-du-visage-kobido\/\">Soin du visage &#8211; Kobido<\/a><\/li>\n<\/ul>\n<\/li>\n<li class=\"page_item page-item-4660\"><a href=\"https:\/\/elisa-willet.com\/index.php\/reservation\/\">Reservation<\/a><\/li>\n<li class=\"page_item page-item-6286\"><a href=\"https:\/\/elisa-willet.com\/index.php\/reset-password\/\">Reset Password<\/a><\/li>\n<li class=\"page_item page-item-6285\"><a href=\"https:\/\/elisa-willet.com\/index.php\/sign-up\/\">Sign Up<\/a><\/li>\n<li class=\"page_item page-item-6290\"><a href=\"https:\/\/elisa-willet.com\/index.php\/sitemap\/\">Sitemap<\/a><\/li>\n<\/ul>\n<h2 class=\"wsp-posts-title\">Posts by category<\/h2>\n<ul class=\"wsp-posts-list\">\n\t<li><strong class=\"wsp-category-title\">Category: <a href=\"https:\/\/elisa-willet.com\/index.php\/category\/massages\/\">Massages<\/a><\/strong>\n<ul class=\"wsp-posts-list\">\t\t<li class=\"wsp-post\"><a href=\"https:\/\/elisa-willet.com\/index.php\/2022\/01\/27\/le-massage-palper-rouler-manuel\/\">Le massage Palper-Rouler manuel<\/a><\/li>\n<\/ul><\/li>\n\t<li><strong class=\"wsp-category-title\">Category: <a href=\"https:\/\/elisa-willet.com\/index.php\/category\/naturopathie\/\">Naturopathie<\/a><\/strong>\n<ul class=\"wsp-posts-list\">\t\t<li class=\"wsp-post\"><a href=\"https:\/\/elisa-willet.com\/index.php\/2022\/01\/27\/femmes-enceintes-et-naturopathie\/\">Femmes enceintes et naturopathie<\/a><\/li>\n\t\t<li class=\"wsp-post\"><a href=\"https:\/\/elisa-willet.com\/index.php\/2022\/01\/27\/articulations-et-os\/\">Articulations et os<\/a><\/li>\n\t\t<li class=\"wsp-post\"><a href=\"https:\/\/elisa-willet.com\/index.php\/2022\/01\/27\/les-huiles-essentielles-speciales-hiver\/\">Les huiles essentielles sp\u00e9ciales hiver<\/a><\/li>\n\t\t<li class=\"wsp-post\"><a href=\"https:\/\/elisa-willet.com\/index.php\/2022\/01\/27\/la-fatigue-chronique\/\">La fatigue chronique<\/a><\/li>\n\t\t<li class=\"wsp-post\"><a href=\"https:\/\/elisa-willet.com\/index.php\/2022\/01\/27\/la-gestion-du-stress\/\">La gestion du stress<\/a><\/li>\n\t\t<li class=\"wsp-post\"><a href=\"https:\/\/elisa-willet.com\/index.php\/2022\/01\/27\/le-sommeil\/\">Le sommeil<\/a><\/li>\n\t\t<li class=\"wsp-post\"><a href=\"https:\/\/elisa-willet.com\/index.php\/2022\/01\/27\/cycles-et-menopauses\/\">Cycles et m\u00e9nopauses<\/a><\/li>\n\t\t<li class=\"wsp-post\"><a href=\"https:\/\/elisa-willet.com\/index.php\/2022\/01\/27\/la-circulation-sanguine\/\">La circulation sanguine<\/a><\/li>\n\t\t<li class=\"wsp-post\"><a href=\"https:\/\/elisa-willet.com\/index.php\/2022\/01\/27\/lhydratation\/\">L&#8217;hydratation<\/a><\/li>\n\t\t<li class=\"wsp-post\"><a href=\"https:\/\/elisa-willet.com\/index.php\/2022\/01\/27\/4-astuces-anti-gueule-de-bois\/\">4 astuces anti gueule de bois<\/a><\/li>\n\t\t<li class=\"wsp-post\"><a href=\"https:\/\/elisa-willet.com\/index.php\/2022\/01\/27\/le-magnesium-anti-fringales\/\">Le Magn\u00e9sium, anti-fringales<\/a><\/li>\n\t\t<li class=\"wsp-post\"><a href=\"https:\/\/elisa-willet.com\/index.php\/2022\/01\/27\/le-jeune-hydrique-quest-ce-que-cest\/\">Le je\u00fbne hydrique &#8211; qu&#8217;est ce que c&#8217;est<\/a><\/li>\n<\/ul><\/li>\n\t<li><strong class=\"wsp-category-title\">Category: <a href=\"https:\/\/elisa-willet.com\/index.php\/category\/non-classe\/\">Non class\u00e9<\/a><\/strong>\n<ul class=\"wsp-posts-list\">\t\t<li class=\"wsp-post\"><a href=\"https:\/\/elisa-willet.com\/index.php\/2022\/01\/27\/le-kobido\/\">Le Kobido<\/a><\/li>\n<\/ul><\/li>\n\t<li><strong class=\"wsp-category-title\">Category: <a href=\"https:\/\/elisa-willet.com\/index.php\/category\/reflexologie-plantaire\/\">R\u00e9flexologie plantaire<\/a><\/strong>\n<ul class=\"wsp-posts-list\">\t\t<li class=\"wsp-post\"><a href=\"https:\/\/elisa-willet.com\/index.php\/2022\/01\/27\/la-reflexologie-plantaire\/\">La r\u00e9flexologie plantaire<\/a><\/li>\n<\/ul><\/li>\n<\/ul>\n<h2 class=\"wsp-elementor_librarys-title\">My Templates<\/h2>\n<ul class=\"wsp-elementor_librarys-list\">\n<li><a href=\"https:\/\/elisa-willet.com\/?elementor_library=default-kit\">Default Kit<\/a><\/li>\n<\/ul>\n<h2 class=\"wsp-testimonials-title\">Testimonial<\/h2>\n<ul class=\"wsp-testimonials-list\">\n<li><a href=\"https:\/\/elisa-willet.com\/index.php\/testimonial\/claire-b\/\">Claire B.<\/a><\/li>\n<li><a href=\"https:\/\/elisa-willet.com\/index.php\/testimonial\/arnaud-k\/\">Arnaud K.<\/a><\/li>\n<li><a href=\"https:\/\/elisa-willet.com\/index.php\/testimonial\/nathalie-b\/\">Nathalie B.<\/a><\/li>\n<\/ul>\n<\/div><\/strong><\/p>\n","protected":false},"excerpt":{"rendered":"Pages Contact Elisa Willet &#8211; Massages Amincissants Palper Rouler &#8211; Kobido &#8211; Relaxants &#038; R\u00e9flexologie plantaire &#8211; Naturopathie &#8211; Paris le Marais Le blog sant\u00e9, bien \u00eatre d&#8217;Elisa Willet Le Centre Log In Member Directory My Account My Profile Newsletter Prestations Drainage lymphatique m\u00e9thode Vodder &#8211; Massages Amincissants La naturopathie Massages relaxants &#038; femmes enceintes [...]","protected":false},"author":1,"featured_media":0,"parent":0,"menu_order":0,"comment_status":"closed","ping_status":"closed","template":"","meta":[],"_links":{"self":[{"href":"https:\/\/elisa-willet.com\/index.php\/wp-json\/wp\/v2\/pages\/6290"}],"collection":[{"href":"https:\/\/elisa-willet.com\/index.php\/wp-json\/wp\/v2\/pages"}],"about":[{"href":"https:\/\/elisa-willet.com\/index.php\/wp-json\/wp\/v2\/types\/page"}],"author":[{"embeddable":true,"href":"https:\/\/elisa-willet.com\/index.php\/wp-json\/wp\/v2\/users\/1"}],"replies":[{"embeddable":true,"href":"https:\/\/elisa-willet.com\/index.php\/wp-json\/wp\/v2\/comments?post=6290"}],"version-history":[{"count":1,"href":"https:\/\/elisa-willet.com\/index.php\/wp-json\/wp\/v2\/pages\/6290\/revisions"}],"predecessor-version":[{"id":6291,"href":"https:\/\/elisa-willet.com\/index.php\/wp-json\/wp\/v2\/pages\/6290\/revisions\/6291"}],"wp:attachment":[{"href":"https:\/\/elisa-willet.com\/index.php\/wp-json\/wp\/v2\/media?parent=6290"}],"curies":[{"name":"wp","href":"https:\/\/api.w.org\/{rel}","templated":true}]}}