{"id":6309,"date":"2022-01-26T16:19:32","date_gmt":"2022-01-26T15:19:32","guid":{"rendered":"https:\/\/elisa-willet.com\/?page_id=6309"},"modified":"2026-01-19T20:04:59","modified_gmt":"2026-01-19T19:04:59","slug":"palper-rouler-massages-amincissants","status":"publish","type":"page","link":"https:\/\/elisa-willet.com\/index.php\/prestations\/palper-rouler-massages-amincissants\/","title":{"rendered":"Palper Rouler &#8211; Massages Amincissants"},"content":{"rendered":"<p>[vc_row css=&#8221;.vc_custom_1431272068014{padding-top: 35px !important;padding-bottom: 80px !important;}&#8221; scroll_button=&#8221;scroll_button_hide&#8221;][vc_column]\t\t\t<h3 class=\"headline   \" >\r\n\t\t\t\tPalper Rouler - Massages Amincissants\t\t\t<\/h3>\r\n\t\t[vc_column_text]Le palper-rouler est un massage amincissant permettant de favoriser l\u2019\u00e9limination de la cellulite, d\u2019affiner la silhouette et d\u2019am\u00e9liorer la circulation.<\/p>\n<p>Mon massage est bas\u00e9 sur une technique manuelle de p\u00e9trissage et de drainage qui permet de travailler les tissus en profondeur, d\u2019\u00e9liminer les toxines et de r\u00e9activer la circulation sanguine et lymphatique tout en d\u00e9collant les cellules graisseuses situ\u00e9es dans la couche profonde de la peau (hypoderme).<\/p>\n<p>Gr\u00e2ce \u00e0 cette technique, la cellulite(amas graisseux) est att\u00e9nu\u00e9e, votre peau est plus lisse et ferme, vous retrouverez une vraie sensation de l\u00e9g\u00e8ret\u00e9 au niveau des membres inf\u00e9rieurs gr\u00e2ce \u00e0 la r\u00e9activation de la lymphe.\ud83d\udc83\ud83c\udffb[\/vc_column_text][vc_btn title=&#8221;RESERVEZ EN LIGNE&#8221; color=&#8221;pink&#8221; align=&#8221;center&#8221; link=&#8221;url:https%3A%2F%2Fwidget.treatwell.fr%2Fsalon%2Felisa-willet-chez-tchilo-body-lab%2F|title:Reservation|target:%20_blank|&#8221;]<div class=\"feature-box image deviation2 right  \">\r\n\t<div class=\"image-bg clearfix\" style=\"background-image: url('https:\/\/elisa-willet.com\/wp-content\/uploads\/2021\/09\/palper-rouler.jpg');\">\r\n\t\t<div class=\"row\">\r\n\t\t\t<div class=\"deviation-feature-box col-md-8 col-md-offset-4\">\t\t\r\n\t\t\t\t<div class=\"deviation-content-info text-center\">\r\n\t\t\t\t\t<h3 class='feature-box-title blog-title'><a href=''>Mes tarifs de Palper Rouler - Massages Amincissants<\/a><\/h3><\/p>\n<div class=\"feature-box-desc\" style=\"background-color: rgba(231, 230, 225, 0.7);\">\n<div class=\"tb-menu-text-item \">\n<div class=\"menu-item-inner\">\n<div class=\"feature-box image deviation2 right \">\n<div class=\"image-bg clearfix\">\n<div class=\"row\">\n<div class=\"deviation-feature-box col-md-8 col-md-offset-4\">\n<div class=\"deviation-content-info text-center\">\n<div class=\"feature-box-desc\">\n<div class=\"tb-menu-text-item \">\n<div class=\"menu-item-inner\">\n<p>D\u00e9couverte (20 mins)\u2013 35\u20ac<\/p>\n<p>S\u00e9ance de 40 min Cuisses ou Ventre<br \/>\n1 S\u00e9ance \u2013 92\u20ac<br \/>\n5 S\u00e9ances \u2013 423\u20ac<br \/>\n10 S\u00e9ances \u2013 745\u20ac<\/p>\n<p>S\u00e9ance de 60 min Cuisses \/ Ventre \/ Fesses \/ Hanches<br \/>\n1 S\u00e9ance \u2013 115\u20ac<br \/>\n5 S\u00e9ances \u2013 533\u20ac<br \/>\n10 S\u00e9ances \u2013 950\u20ac<\/p>\n<\/div>\n<\/div>\n<\/div>\n<\/div>\n<\/div>\n<\/div>\n<\/div>\n<\/div>\n<\/div>\n<\/div>\n<\/div>\n<p>\t\t\t\t<\/div>\r\n\t\t\t<\/div>\r\n\t\t<\/div>\r\n\t<\/div>\r\n<\/div>[vc_empty_space height=&#8221;70px&#8221;][\/vc_column][\/vc_row][vc_row][vc_column][vc_separator]\t\t\t<h3 class=\"headline   \" >\r\n\t\t\t\tRESERVATION\t\t\t<\/h3>\r\n\t\t[vc_column_text]<\/p>\n<p style=\"text-align: center;\">N&#8217;h\u00e9sitez pas \u00e0 r\u00e9server directement en ligne via le bouton ci-dessous.<\/p>\n<p style=\"text-align: center;\">Merci et \u00e0 tr\u00e8s vite !<\/p>\n<p>[\/vc_column_text][vc_btn title=&#8221;RESERVEZ EN LIGNE&#8221; color=&#8221;pink&#8221; align=&#8221;center&#8221; link=&#8221;url:https%3A%2F%2Fwidget.treatwell.fr%2Fsalon%2Felisa-willet-chez-tchilo-body-lab%2F|title:Reservation|target:%20_blank|&#8221;][vc_column_text]<\/p>\n<p style=\"text-align: center;\">Horaires : Du lundi au samedi de 9h00 \u00e0 19h00<\/p>\n<p>[\/vc_column_text][vc_separator][\/vc_column][\/vc_row]<\/p>\n","protected":false},"excerpt":{"rendered":"<p>[vc_row css=&#8221;.vc_custom_1431272068014{padding-top: 35px !important;padding-bottom: 80px !important;}&#8221; scroll_button=&#8221;scroll_button_hide&#8221;][vc_column][vc_column_text]Le palper-rouler est un massage amincissant permettant de favoriser l\u2019\u00e9limination de la cellulite, d\u2019affiner la silhouette et d\u2019am\u00e9liorer la circulation. Mon massage est bas\u00e9 sur une technique manuelle de p\u00e9trissage et de drainage qui permet de travailler les tissus en profondeur, d\u2019\u00e9liminer les toxines et de r\u00e9activer la circulation [&hellip;]<\/p>\n","protected":false},"author":1,"featured_media":0,"parent":4426,"menu_order":0,"comment_status":"open","ping_status":"open","template":"page-NoTitleBar.php","meta":[],"_links":{"self":[{"href":"https:\/\/elisa-willet.com\/index.php\/wp-json\/wp\/v2\/pages\/6309"}],"collection":[{"href":"https:\/\/elisa-willet.com\/index.php\/wp-json\/wp\/v2\/pages"}],"about":[{"href":"https:\/\/elisa-willet.com\/index.php\/wp-json\/wp\/v2\/types\/page"}],"author":[{"embeddable":true,"href":"https:\/\/elisa-willet.com\/index.php\/wp-json\/wp\/v2\/users\/1"}],"replies":[{"embeddable":true,"href":"https:\/\/elisa-willet.com\/index.php\/wp-json\/wp\/v2\/comments?post=6309"}],"version-history":[{"count":11,"href":"https:\/\/elisa-willet.com\/index.php\/wp-json\/wp\/v2\/pages\/6309\/revisions"}],"predecessor-version":[{"id":6645,"href":"https:\/\/elisa-willet.com\/index.php\/wp-json\/wp\/v2\/pages\/6309\/revisions\/6645"}],"up":[{"embeddable":true,"href":"https:\/\/elisa-willet.com\/index.php\/wp-json\/wp\/v2\/pages\/4426"}],"wp:attachment":[{"href":"https:\/\/elisa-willet.com\/index.php\/wp-json\/wp\/v2\/media?parent=6309"}],"curies":[{"name":"wp","href":"https:\/\/api.w.org\/{rel}","templated":true}]}}