{"id":6310,"date":"2022-01-26T16:19:24","date_gmt":"2022-01-26T15:19:24","guid":{"rendered":"https:\/\/elisa-willet.com\/?page_id=6310"},"modified":"2026-01-07T17:36:35","modified_gmt":"2026-01-07T16:36:35","slug":"soin-du-visage-kobido","status":"publish","type":"page","link":"https:\/\/elisa-willet.com\/index.php\/prestations\/soin-du-visage-kobido\/","title":{"rendered":"Soin du visage &#8211; Kobido"},"content":{"rendered":"<p>[vc_row css=&#8221;.vc_custom_1431272068014{padding-top: 35px !important;padding-bottom: 80px !important;}&#8221; scroll_button=&#8221;scroll_button_hide&#8221;][vc_column][vc_column_text]Comme tous les massages asiatiques, le Kobido travaille sur l\u2019\u00e9quilibre du \u00ab chi \u00bb, l\u2019\u00e9nergie vitale. Il stimule la microcirculation cutan\u00e9e et le flux lymphatique, pour un meilleur apport nutritif aux cellules. D\u2019o\u00f9 cet effet de \u00ab visage repulp\u00e9 \u00bb et de teint plus lumineux \u00e0 la fin d\u2019une s\u00e9ance. Mais il a \u00e9galement une action sur les tissus cutan\u00e9s, qu\u2019il raffermit, et sur les muscles peauciers qu\u2019il relaxe afin de lisser les rides d\u2019expression.<br \/>\nVous ressortirez de ce soin avec une peau plus galb\u00e9e et fra\u00eeche.<br \/>\nUn vrai plaisir! \u2728\ud83d\ude09.[\/vc_column_text][vc_btn title=&#8221;RESERVEZ EN LIGNE&#8221; color=&#8221;pink&#8221; align=&#8221;center&#8221; link=&#8221;url:https%3A%2F%2Fwidget.treatwell.fr%2Fsalon%2Felisa-willet-chez-tchilo-body-lab%2F|title:Reservation|target:%20_blank|&#8221;]<div class=\"feature-box image deviation2 left  \">\r\n\t<div class=\"image-bg clearfix\" style=\"background-image: url('https:\/\/elisa-willet.com\/wp-content\/uploads\/2021\/09\/kobido.jpg');\">\r\n\t\t<div class=\"row\">\r\n\t\t\t<div class=\"deviation-feature-box col-md-8\">\t\t\r\n\t\t\t\t<div class=\"deviation-content-info text-center\">\r\n\t\t\t\t\t<h3 class='feature-box-title blog-title'><a href=''>Soin du visage - Kobido<\/a><\/h3><\/p>\n<div class=\"feature-box-desc\" style=\"background-color: rgba(198, 217, 198, 0.7);\">\n<div class=\"tb-menu-text-item \">\n<div><span style=\"text-decoration: underline;\">Kobido 40 min<\/span><\/div>\n<div class=\"menu-item-inner\">1 S\u00e9ance \u2013 75\u20ac<br \/>\n5 S\u00e9ances \u2013 313\u20ac<br \/>\n10 S\u00e9ances \u2013 556\u20ac<\/div>\n<\/div>\n<\/div>\n<p>\t\t\t\t<\/div>\r\n\t\t\t<\/div>\r\n\t\t<\/div>\r\n\t<\/div>\r\n<\/div>[\/vc_column][\/vc_row][vc_row][vc_column][vc_separator]\t\t\t<h3 class=\"headline   \" >\r\n\t\t\t\tRESERVATION\t\t\t<\/h3>\r\n\t\t[vc_column_text]<\/p>\n<p style=\"text-align: center;\">N&#8217;h\u00e9sitez pas \u00e0 r\u00e9server directement en ligne via le bouton ci-dessous.<\/p>\n<p style=\"text-align: center;\">Merci et \u00e0 tr\u00e8s vite !<\/p>\n<p>[\/vc_column_text][vc_btn title=&#8221;RESERVEZ EN LIGNE&#8221; color=&#8221;pink&#8221; align=&#8221;center&#8221; link=&#8221;url:https%3A%2F%2Fwidget.treatwell.fr%2Fsalon%2Felisa-willet-chez-tchilo-body-lab%2F|title:Reservation|target:%20_blank|&#8221;][vc_column_text]<\/p>\n<p style=\"text-align: center;\">Horaires : Du lundi au samedi de 9h00 \u00e0 19h00<\/p>\n<p>[\/vc_column_text][vc_separator][\/vc_column][\/vc_row]<\/p>\n","protected":false},"excerpt":{"rendered":"<p>[vc_row css=&#8221;.vc_custom_1431272068014{padding-top: 35px !important;padding-bottom: 80px !important;}&#8221; scroll_button=&#8221;scroll_button_hide&#8221;][vc_column][vc_column_text]Comme tous les massages asiatiques, le Kobido travaille sur l\u2019\u00e9quilibre du \u00ab chi \u00bb, l\u2019\u00e9nergie vitale. Il stimule la microcirculation cutan\u00e9e et le flux lymphatique, pour un meilleur apport nutritif aux cellules. D\u2019o\u00f9 cet effet de \u00ab visage repulp\u00e9 \u00bb et de teint plus lumineux \u00e0 la fin d\u2019une [&hellip;]<\/p>\n","protected":false},"author":1,"featured_media":0,"parent":4426,"menu_order":0,"comment_status":"open","ping_status":"open","template":"page-NoTitleBar.php","meta":[],"_links":{"self":[{"href":"https:\/\/elisa-willet.com\/index.php\/wp-json\/wp\/v2\/pages\/6310"}],"collection":[{"href":"https:\/\/elisa-willet.com\/index.php\/wp-json\/wp\/v2\/pages"}],"about":[{"href":"https:\/\/elisa-willet.com\/index.php\/wp-json\/wp\/v2\/types\/page"}],"author":[{"embeddable":true,"href":"https:\/\/elisa-willet.com\/index.php\/wp-json\/wp\/v2\/users\/1"}],"replies":[{"embeddable":true,"href":"https:\/\/elisa-willet.com\/index.php\/wp-json\/wp\/v2\/comments?post=6310"}],"version-history":[{"count":8,"href":"https:\/\/elisa-willet.com\/index.php\/wp-json\/wp\/v2\/pages\/6310\/revisions"}],"predecessor-version":[{"id":6643,"href":"https:\/\/elisa-willet.com\/index.php\/wp-json\/wp\/v2\/pages\/6310\/revisions\/6643"}],"up":[{"embeddable":true,"href":"https:\/\/elisa-willet.com\/index.php\/wp-json\/wp\/v2\/pages\/4426"}],"wp:attachment":[{"href":"https:\/\/elisa-willet.com\/index.php\/wp-json\/wp\/v2\/media?parent=6310"}],"curies":[{"name":"wp","href":"https:\/\/api.w.org\/{rel}","templated":true}]}}