{"id":6311,"date":"2022-01-26T16:23:07","date_gmt":"2022-01-26T15:23:07","guid":{"rendered":"https:\/\/elisa-willet.com\/?page_id=6311"},"modified":"2026-01-07T17:32:31","modified_gmt":"2026-01-07T16:32:31","slug":"massages-relaxants","status":"publish","type":"page","link":"https:\/\/elisa-willet.com\/index.php\/prestations\/massages-relaxants\/","title":{"rendered":"Massages relaxants &#038; femmes enceintes"},"content":{"rendered":"<p>[vc_row css=&#8221;.vc_custom_1431272068014{padding-top: 35px !important;padding-bottom: 80px !important;}&#8221; scroll_button=&#8221;scroll_button_hide&#8221;][vc_column]\t\t\t<h3 class=\"headline   \" >\r\n\t\t\t\tMassages relaxants\t\t\t<\/h3>\r\n\t\t[vc_column_text]C&#8217;est quoi exactement un massage relaxant ? C&#8217;est avant out un mix de\u00a0man\u0153uvres douces de p\u00e9trissages des muscles, d&#8217;effleurages, de pressions et de lissages fluides.<\/p>\n<p>Les gestes que je pratique sont lents et l\u00e9g\u00e8rement appuy\u00e9s afin de relaxer la peau et le cerveau, de d\u00e9nouer les tensions du mass\u00e9, sans que celui-ci ne ressente aucune g\u00eane, aucune douleur.<\/p>\n<p>Je propose \u00e9galement des massages pour femmes enceintes : la grossesse est une p\u00e9riode fantastique\u2026 Vous \u00eates \u00e9panouie, votre peau est \u00e9clatante et vous avez h\u00e2te de tenir votre b\u00e9b\u00e9 dans les bras. Mais malheureusement, la maternit\u00e9 n\u2019est pas toute rose, et ce n&#8217;est pas une excuse pour manger pour deux. Il y a aussi certains maux et douleurs, comme vous le confirmeront toutes celles qui l\u2019ont d\u00e9j\u00e0 v\u00e9cue.<\/p>\n<div class=\"ServiceDetails-module--horizontalRuleContainer--115ac3\"><\/div>\n<p>[\/vc_column_text][vc_btn title=&#8221;RESERVEZ EN LIGNE&#8221; color=&#8221;pink&#8221; align=&#8221;center&#8221; link=&#8221;url:https%3A%2F%2Fwidget.treatwell.fr%2Fsalon%2Felisa-willet-chez-tchilo-body-lab%2F|title:Reservation|target:%20_blank|&#8221;]<div class=\"feature-box image deviation2 right  \">\r\n\t<div class=\"image-bg clearfix\" style=\"background-image: url('https:\/\/elisa-willet.com\/wp-content\/uploads\/2021\/09\/massage-dos.jpg');\">\r\n\t\t<div class=\"row\">\r\n\t\t\t<div class=\"deviation-feature-box col-md-8 col-md-offset-4\">\t\t\r\n\t\t\t\t<div class=\"deviation-content-info text-center\">\r\n\t\t\t\t\t<h3 class='feature-box-title blog-title'><a href=''>Mes tarifs de massages relaxants<\/a><\/h3><\/p>\n<div class=\"feature-box-desc\" style=\"background-color: rgba(231, 230, 225, 0.7);\">\n<div class=\"tb-menu-text-item \">\n<div class=\"menu-item-inner\">Massage relaxant corps (60 min) \u2013 110\u20ac<br \/>\nCuir chevelu et visage (30 min) \u2013 58\u20ac<br \/>\nDos (30 min) \u2013 69\u20ac<\/div>\n<div>Massage du corps pr\u00e9-natal \/ Femme enceinte (60 min) \u2013 115\u20ac<\/div>\n<\/div>\n<\/div>\n<p>\t\t\t\t<\/div>\r\n\t\t\t<\/div>\r\n\t\t<\/div>\r\n\t<\/div>\r\n<\/div>[\/vc_column][\/vc_row][vc_row][vc_column][vc_separator]\t\t\t<h3 class=\"headline   \" >\r\n\t\t\t\tRESERVATION\t\t\t<\/h3>\r\n\t\t[vc_column_text]<\/p>\n<p style=\"text-align: center;\">N&#8217;h\u00e9sitez pas \u00e0 r\u00e9server directement en ligne via le bouton ci-dessous.<\/p>\n<p style=\"text-align: center;\">Merci et \u00e0 tr\u00e8s vite !<\/p>\n<p>[\/vc_column_text][vc_btn title=&#8221;RESERVEZ EN LIGNE&#8221; color=&#8221;pink&#8221; align=&#8221;center&#8221; link=&#8221;url:https%3A%2F%2Fwidget.treatwell.fr%2Fsalon%2Felisa-willet-chez-tchilo-body-lab%2F|title:Reservation|target:%20_blank|&#8221;][vc_column_text]<\/p>\n<p style=\"text-align: center;\">Horaires : Du lundi au samedi de 9h00 \u00e0 19h00<\/p>\n<p>[\/vc_column_text][vc_separator][\/vc_column][\/vc_row]<\/p>\n","protected":false},"excerpt":{"rendered":"<p>[vc_row css=&#8221;.vc_custom_1431272068014{padding-top: 35px !important;padding-bottom: 80px !important;}&#8221; scroll_button=&#8221;scroll_button_hide&#8221;][vc_column][vc_column_text]C&#8217;est quoi exactement un massage relaxant ? C&#8217;est avant out un mix de\u00a0man\u0153uvres douces de p\u00e9trissages des muscles, d&#8217;effleurages, de pressions et de lissages fluides. Les gestes que je pratique sont lents et l\u00e9g\u00e8rement appuy\u00e9s afin de relaxer la peau et le cerveau, de d\u00e9nouer les tensions du mass\u00e9, [&hellip;]<\/p>\n","protected":false},"author":1,"featured_media":0,"parent":4426,"menu_order":0,"comment_status":"open","ping_status":"open","template":"page-NoTitleBar.php","meta":[],"_links":{"self":[{"href":"https:\/\/elisa-willet.com\/index.php\/wp-json\/wp\/v2\/pages\/6311"}],"collection":[{"href":"https:\/\/elisa-willet.com\/index.php\/wp-json\/wp\/v2\/pages"}],"about":[{"href":"https:\/\/elisa-willet.com\/index.php\/wp-json\/wp\/v2\/types\/page"}],"author":[{"embeddable":true,"href":"https:\/\/elisa-willet.com\/index.php\/wp-json\/wp\/v2\/users\/1"}],"replies":[{"embeddable":true,"href":"https:\/\/elisa-willet.com\/index.php\/wp-json\/wp\/v2\/comments?post=6311"}],"version-history":[{"count":11,"href":"https:\/\/elisa-willet.com\/index.php\/wp-json\/wp\/v2\/pages\/6311\/revisions"}],"predecessor-version":[{"id":6639,"href":"https:\/\/elisa-willet.com\/index.php\/wp-json\/wp\/v2\/pages\/6311\/revisions\/6639"}],"up":[{"embeddable":true,"href":"https:\/\/elisa-willet.com\/index.php\/wp-json\/wp\/v2\/pages\/4426"}],"wp:attachment":[{"href":"https:\/\/elisa-willet.com\/index.php\/wp-json\/wp\/v2\/media?parent=6311"}],"curies":[{"name":"wp","href":"https:\/\/api.w.org\/{rel}","templated":true}]}}