{"id":6313,"date":"2022-01-26T16:30:13","date_gmt":"2022-01-26T15:30:13","guid":{"rendered":"https:\/\/elisa-willet.com\/?page_id=6313"},"modified":"2026-01-07T17:35:59","modified_gmt":"2026-01-07T16:35:59","slug":"reflexologie-plantaire","status":"publish","type":"page","link":"https:\/\/elisa-willet.com\/index.php\/prestations\/reflexologie-plantaire\/","title":{"rendered":"R\u00e9flexologie plantaire"},"content":{"rendered":"<p>[vc_row css=&#8221;.vc_custom_1431272068014{padding-top: 35px !important;padding-bottom: 80px !important;}&#8221; scroll_button=&#8221;scroll_button_hide&#8221;][vc_column]\t\t\t<h3 class=\"headline   \" >\r\n\t\t\t\tR\u00e9flexologie plantaire\t\t\t<\/h3>\r\n\t\t[vc_column_text]La r\u00e9flexologie plantaire est une m\u00e9decine parall\u00e8le qui propose de traiter certaines pathologies, ou simplement des tensions, \u00e0 partir de massages des pieds.<\/p>\n<p>\u26a0\ufe0fElle ne doit en aucun cas retarder ou annuler une consultation aupr\u00e8s d\u2019un m\u00e9decin ou sp\u00e9cialiste, lui seul pouvant \u00e9tablir un diagnostic.<br \/>\nLes s\u00e9ances n\u2019ont pas vocation \u00e0 soigner les maladies mais \u00e0 apporter confort, bien-\u00eatre et relaxation.<\/p>\n<p>Elle vise principalement \u00e0 :<br \/>\n\u2728Rel\u00e2cher le stress et les tensions<br \/>\n\u2728Am\u00e9liorer la circulation des liquides organiques<br \/>\n\u2728Favoriser le d\u00e9blocage des influx nerveux<br \/>\n\u2728Stimuler les facult\u00e9s d\u2019auto-gu\u00e9rison du corps humain<br \/>\n\u2728Harmoniser les s\u00e9cr\u00e9tions hormonales<\/p>\n<p>\ud83e\uddb6\ud83c\udffcLa r\u00e9flexologie plantaire sera tr\u00e8s int\u00e9ressante notamment en cas de :<br \/>\n\u2022 probl\u00e8mes digestifs<br \/>\n\u2022 troubles li\u00e9s au stress<br \/>\n\u2022 douleurs musculaires et articulaires<br \/>\n\u2022 accompagnement pr\u00e9 et post-natal<br \/>\n\u2022 troubles circulatoires<br \/>\n\u2022 cancer : pour apaiser et r\u00e9duire les effets secondaires ind\u00e9sirables des chimioth\u00e9rapies et radioth\u00e9rapies<br \/>\n\u2022 inflammations et sympt\u00f4mes ORL chroniques<\/p>\n<p>Elle s\u2019adresse \u00e0 tous, et \u00e0 tous les \u00e2ges, cette technique et n\u00e9anmoins contre-indiqu\u00e9e un cas de :<br \/>\n&#8211; fracture ou entorse non r\u00e9sorb\u00e9e<br \/>\n&#8211; maladie cardiaque r\u00e9cente<br \/>\n&#8211; traumatisme ou infection des pieds<br \/>\n&#8211; h\u00e9mophilie<br \/>\n&#8211; phl\u00e9bite non soign\u00e9e<\/p>\n<p>Alors n\u2019h\u00e9sitez pas \u00e0 prendre soin de vous et \u00e0 tr\u00e8s vite \ud83d\ude4c\ud83c\udffb\u2728[\/vc_column_text][vc_btn title=&#8221;RESERVEZ EN LIGNE&#8221; color=&#8221;pink&#8221; align=&#8221;center&#8221; link=&#8221;url:https%3A%2F%2Fwidget.treatwell.fr%2Fsalon%2Felisa-willet-chez-tchilo-body-lab%2F|title:Reservation|target:%20_blank|&#8221;]<div class=\"feature-box image deviation2 right  \">\r\n\t<div class=\"image-bg clearfix\" style=\"background-image: url('https:\/\/elisa-willet.com\/wp-content\/uploads\/2022\/01\/Reflexologie-plantaire.jpg');\">\r\n\t\t<div class=\"row\">\r\n\t\t\t<div class=\"deviation-feature-box col-md-8 col-md-offset-4\">\t\t\r\n\t\t\t\t<div class=\"deviation-content-info text-center\">\r\n\t\t\t\t\t<h3 class='feature-box-title blog-title'><a href=''>Mes tarifs de r\u00e9flexologie plantaire<\/a><\/h3><\/p>\n<div class=\"feature-box-desc\" style=\"background-color: rgba(231, 230, 225, 0.7);\">\n<div class=\"tb-menu-text-item \">\n<div class=\"menu-item-inner\">R\u00e9flexologie plantaire (60 min) \u2013 95\u20ac<\/div>\n<\/div>\n<\/div>\n<p>\t\t\t\t<\/div>\r\n\t\t\t<\/div>\r\n\t\t<\/div>\r\n\t<\/div>\r\n<\/div>[\/vc_column][\/vc_row][vc_row][vc_column][vc_separator]\t\t\t<h3 class=\"headline   \" >\r\n\t\t\t\tRESERVATION\t\t\t<\/h3>\r\n\t\t[vc_column_text]<\/p>\n<p style=\"text-align: center;\">N&#8217;h\u00e9sitez pas \u00e0 r\u00e9server directement en ligne via le bouton ci-dessous.<\/p>\n<p style=\"text-align: center;\">Merci et \u00e0 tr\u00e8s vite !<\/p>\n<p>[\/vc_column_text][vc_btn title=&#8221;RESERVEZ EN LIGNE&#8221; color=&#8221;pink&#8221; align=&#8221;center&#8221; link=&#8221;url:https%3A%2F%2Fwidget.treatwell.fr%2Fsalon%2Felisa-willet-chez-tchilo-body-lab%2F|title:Reservation|target:%20_blank|&#8221;][vc_column_text]<\/p>\n<p style=\"text-align: center;\">Horaires : Du lundi au samedi de 9h00 \u00e0 19h00<\/p>\n<p>[\/vc_column_text][vc_separator][\/vc_column][\/vc_row]<\/p>\n","protected":false},"excerpt":{"rendered":"<p>[vc_row css=&#8221;.vc_custom_1431272068014{padding-top: 35px !important;padding-bottom: 80px !important;}&#8221; scroll_button=&#8221;scroll_button_hide&#8221;][vc_column][vc_column_text]La r\u00e9flexologie plantaire est une m\u00e9decine parall\u00e8le qui propose de traiter certaines pathologies, ou simplement des tensions, \u00e0 partir de massages des pieds. \u26a0\ufe0fElle ne doit en aucun cas retarder ou annuler une consultation aupr\u00e8s d\u2019un m\u00e9decin ou sp\u00e9cialiste, lui seul pouvant \u00e9tablir un diagnostic. Les s\u00e9ances n\u2019ont pas [&hellip;]<\/p>\n","protected":false},"author":1,"featured_media":0,"parent":4426,"menu_order":0,"comment_status":"open","ping_status":"open","template":"page-NoTitleBar.php","meta":[],"_links":{"self":[{"href":"https:\/\/elisa-willet.com\/index.php\/wp-json\/wp\/v2\/pages\/6313"}],"collection":[{"href":"https:\/\/elisa-willet.com\/index.php\/wp-json\/wp\/v2\/pages"}],"about":[{"href":"https:\/\/elisa-willet.com\/index.php\/wp-json\/wp\/v2\/types\/page"}],"author":[{"embeddable":true,"href":"https:\/\/elisa-willet.com\/index.php\/wp-json\/wp\/v2\/users\/1"}],"replies":[{"embeddable":true,"href":"https:\/\/elisa-willet.com\/index.php\/wp-json\/wp\/v2\/comments?post=6313"}],"version-history":[{"count":9,"href":"https:\/\/elisa-willet.com\/index.php\/wp-json\/wp\/v2\/pages\/6313\/revisions"}],"predecessor-version":[{"id":6642,"href":"https:\/\/elisa-willet.com\/index.php\/wp-json\/wp\/v2\/pages\/6313\/revisions\/6642"}],"up":[{"embeddable":true,"href":"https:\/\/elisa-willet.com\/index.php\/wp-json\/wp\/v2\/pages\/4426"}],"wp:attachment":[{"href":"https:\/\/elisa-willet.com\/index.php\/wp-json\/wp\/v2\/media?parent=6313"}],"curies":[{"name":"wp","href":"https:\/\/api.w.org\/{rel}","templated":true}]}}