{"id":6529,"date":"2024-08-27T19:30:10","date_gmt":"2024-08-27T17:30:10","guid":{"rendered":"https:\/\/elisa-willet.com\/?page_id=6529"},"modified":"2026-01-07T17:30:31","modified_gmt":"2026-01-07T16:30:31","slug":"drainage-lymphatique-methode-vodder-massages-amincissants","status":"publish","type":"page","link":"https:\/\/elisa-willet.com\/index.php\/prestations\/drainage-lymphatique-methode-vodder-massages-amincissants\/","title":{"rendered":"Drainage lymphatique m\u00e9thode Vodder &#8211; Massages Amincissants"},"content":{"rendered":"<p>[vc_row css=&#8221;.vc_custom_1431272068014{padding-top: 35px !important;padding-bottom: 80px !important;}&#8221; scroll_button=&#8221;scroll_button_hide&#8221;][vc_column]\t\t\t<h3 class=\"headline   \" style=\"color: #ddc090\">\r\n\t\t\t\tDrainage lymphatique m\u00e9thode Vodder - Massages Amincissants\t\t\t<\/h3>\r\n\t\t[vc_column_text]Le drainage lymphatique selon la m\u00e9thode Vodder est une technique douce visant \u00e0 am\u00e9liorer la circulation de la lymphe et \u00e0 renforcer le syst\u00e8me immunitaire. D\u00e9velopp\u00e9e par le Dr Emil Vodder, cette m\u00e9thode utilise des mouvements lents et pr\u00e9cis pour r\u00e9duire les \u0153d\u00e8mes, favoriser la d\u00e9toxification, et apporter une relaxation profonde.<\/p>\n<p>Id\u00e9al pour les personnes souffrant de r\u00e9tention d&#8217;eau, de fatigue chronique, ou apr\u00e8s une intervention chirurgicale, ce soin est adapt\u00e9 \u00e0 chacun. En stimulant le syst\u00e8me lymphatique, il contribue \u00e0 une meilleure sant\u00e9 et un bien-\u00eatre global. Prenez rendez-vous dans notre centre pour d\u00e9couvrir ses bienfaits.[\/vc_column_text][vc_btn title=&#8221;RESERVEZ EN LIGNE&#8221; color=&#8221;pink&#8221; align=&#8221;center&#8221; link=&#8221;url:https%3A%2F%2Fwidget.treatwell.fr%2Fsalon%2Felisa-willet-chez-tchilo-body-lab%2F|title:Reservation|target:%20_blank|&#8221;]<div class=\"feature-box image deviation2 right  \">\r\n\t<div class=\"image-bg clearfix\" style=\"background-image: url('https:\/\/elisa-willet.com\/wp-content\/uploads\/2024\/08\/PHOTO-2024-08-27-23-17-47.jpg');\">\r\n\t\t<div class=\"row\">\r\n\t\t\t<div class=\"deviation-feature-box col-md-8 col-md-offset-4\">\t\t\r\n\t\t\t\t<div class=\"deviation-content-info text-center\">\r\n\t\t\t\t\t<h3 class='feature-box-title blog-title'><a href=''>Mes tarifs de Drainage lymphatique m\u00e9thode Vodder - Massages Amincissants<\/a><\/h3><\/p>\n<div class=\"feature-box-desc\" style=\"background-color: rgba(231, 230, 225, 0.7);\">\n<div class=\"tb-menu-text-item \">\n<div class=\"menu-item-inner\">\n<div class=\"feature-box image deviation2 right \">\n<div class=\"image-bg clearfix\">\n<div class=\"row\">\n<div class=\"deviation-feature-box col-md-8 col-md-offset-4\">\n<div class=\"deviation-content-info text-center\">\n<div class=\"feature-box-desc\">\n<div class=\"tb-menu-text-item \">\n<div class=\"menu-item-inner\">\n<p>S\u00e9ance de 45 min :<br \/>\n1 S\u00e9ance \u2013 105\u20ac<br \/>\n5 S\u00e9ances \u2013 484\u20ac<br \/>\n10 S\u00e9ances \u2013 905\u20ac<\/p>\n<\/div>\n<\/div>\n<\/div>\n<\/div>\n<\/div>\n<\/div>\n<\/div>\n<\/div>\n<\/div>\n<\/div>\n<\/div>\n<p>\t\t\t\t<\/div>\r\n\t\t\t<\/div>\r\n\t\t<\/div>\r\n\t<\/div>\r\n<\/div>[vc_empty_space height=&#8221;70px&#8221;][\/vc_column][\/vc_row][vc_row][vc_column][vc_separator]\t\t\t<h3 class=\"headline   \" >\r\n\t\t\t\tRESERVATION\t\t\t<\/h3>\r\n\t\t[vc_column_text]<\/p>\n<p style=\"text-align: center;\">N&#8217;h\u00e9sitez pas \u00e0 r\u00e9server directement en ligne via le bouton ci-dessous.<\/p>\n<p style=\"text-align: center;\">Merci et \u00e0 tr\u00e8s vite !<\/p>\n<p>[\/vc_column_text][vc_btn title=&#8221;RESERVEZ EN LIGNE&#8221; color=&#8221;pink&#8221; align=&#8221;center&#8221; link=&#8221;url:https%3A%2F%2Fwidget.treatwell.fr%2Fsalon%2Felisa-willet-chez-tchilo-body-lab%2F|title:Reservation|target:%20_blank|&#8221;][vc_column_text]<\/p>\n<p style=\"text-align: center;\">Horaires : Du lundi au samedi de 9h00 \u00e0 19h00<\/p>\n<p>[\/vc_column_text][vc_separator][\/vc_column][\/vc_row]<\/p>\n","protected":false},"excerpt":{"rendered":"<p>[vc_row css=&#8221;.vc_custom_1431272068014{padding-top: 35px !important;padding-bottom: 80px !important;}&#8221; scroll_button=&#8221;scroll_button_hide&#8221;][vc_column][vc_column_text]Le drainage lymphatique selon la m\u00e9thode Vodder est une technique douce visant \u00e0 am\u00e9liorer la circulation de la lymphe et \u00e0 renforcer le syst\u00e8me immunitaire. D\u00e9velopp\u00e9e par le Dr Emil Vodder, cette m\u00e9thode utilise des mouvements lents et pr\u00e9cis pour r\u00e9duire les \u0153d\u00e8mes, favoriser la d\u00e9toxification, et apporter une [&hellip;]<\/p>\n","protected":false},"author":1,"featured_media":0,"parent":4426,"menu_order":0,"comment_status":"open","ping_status":"open","template":"page-NoTitleBar.php","meta":[],"_links":{"self":[{"href":"https:\/\/elisa-willet.com\/index.php\/wp-json\/wp\/v2\/pages\/6529"}],"collection":[{"href":"https:\/\/elisa-willet.com\/index.php\/wp-json\/wp\/v2\/pages"}],"about":[{"href":"https:\/\/elisa-willet.com\/index.php\/wp-json\/wp\/v2\/types\/page"}],"author":[{"embeddable":true,"href":"https:\/\/elisa-willet.com\/index.php\/wp-json\/wp\/v2\/users\/1"}],"replies":[{"embeddable":true,"href":"https:\/\/elisa-willet.com\/index.php\/wp-json\/wp\/v2\/comments?post=6529"}],"version-history":[{"count":5,"href":"https:\/\/elisa-willet.com\/index.php\/wp-json\/wp\/v2\/pages\/6529\/revisions"}],"predecessor-version":[{"id":6637,"href":"https:\/\/elisa-willet.com\/index.php\/wp-json\/wp\/v2\/pages\/6529\/revisions\/6637"}],"up":[{"embeddable":true,"href":"https:\/\/elisa-willet.com\/index.php\/wp-json\/wp\/v2\/pages\/4426"}],"wp:attachment":[{"href":"https:\/\/elisa-willet.com\/index.php\/wp-json\/wp\/v2\/media?parent=6529"}],"curies":[{"name":"wp","href":"https:\/\/api.w.org\/{rel}","templated":true}]}}